{"id":1234,"date":"2025-04-21T10:27:36","date_gmt":"2025-04-21T10:27:36","guid":{"rendered":"https:\/\/nagix-ua.com\/cookie-policy\/"},"modified":"2025-06-26T13:46:45","modified_gmt":"2025-06-26T13:46:45","slug":"cookie-policy","status":"publish","type":"page","link":"https:\/\/nagix-ua.com\/de\/cookie-policy\/","title":{"rendered":"Cookie-Richtlinie"},"content":{"rendered":"\t\t<div data-elementor-type=\"wp-page\" data-elementor-id=\"1234\" class=\"elementor elementor-1234 elementor-784\" data-elementor-post-type=\"page\">\n\t\t\t\t<div class=\"elementor-element elementor-element-2bf70ff e-flex e-con-boxed e-con e-parent\" data-id=\"2bf70ff\" data-element_type=\"container\" data-e-type=\"container\">\n\t\t\t\t\t<div class=\"e-con-inner\">\n\t\t\t\t<div class=\"elementor-element elementor-element-df3f3be elementor-widget elementor-widget-text-editor\" data-id=\"df3f3be\" data-element_type=\"widget\" data-e-type=\"widget\" data-widget_type=\"text-editor.default\">\n\t\t\t\t<div class=\"elementor-widget-container\">\n\t\t\t\t\t\t\t\t\t<h1>Consist Group Cookie-Richtlinie<\/h1> <em>Alle hierin nicht definierten Begriffe haben die in unseren Nutzungsbedingungen oder der Datenschutzerkl\u00e4rung festgelegte Bedeutung.<\/em>\n\u00dcber uns\n\nDiese Website <a href=\"http:\/\/www.consist.co.il\">www.consist.co.il<\/a> einschlie\u00dflich ihrer zugeh\u00f6rigen Subdomains (die \u201eWebsite\u201c) wird betrieben von Consist (Israel) Software and Computer Solutions Ltd., Consist Systems Ltd. und Consist Technologies Ltd., verbundene Unternehmen mit Sitz in Israel, registriert unter der Adresse 2 Granit, Petah Tikva, Israel.\n\nIn dieser Cookie-Richtlinie beziehen wir uns mit \u201eConsist\u201c, \u201eunser\u201c, \u201ewir\u201c oder \u201euns\u201c auf eines dieser Consist-Unternehmen, die gemeinsam als die \u201eConsist Gruppe\u201c bezeichnet werden.\n\nUnsere Website verwendet Cookies. Ein Cookie ist eine kleine Textdatei, die auf Ihrem Computer oder einem anderen Ger\u00e4t gespeichert werden kann, wenn Sie Websites besuchen. Wenn diese Cookies nicht f\u00fcr die Bereitstellung unserer Website und Dienste unbedingt erforderlich sind, bitten wir Sie um Ihre Zustimmung zur Nutzung von Cookies, wenn Sie unsere Website zum ersten Mal besuchen. Sie haben das Recht, selbst zu entscheiden, ob Sie solche Cookies akzeptieren oder ablehnen m\u00f6chten. Ihre Cookie-Einstellungen k\u00f6nnen Sie jederzeit \u00e4ndern, indem Sie auf das Cookie-Banner am unteren Rand der Website klicken.\n\nWas ist ein Cookie?\n\nInformationen werden in dieser Textdatei gespeichert, zum Beispiel Ihre Sprachwahl auf einer Website. Wenn Sie die Website sp\u00e4ter erneut besuchen, sendet das Cookie die Informationen zur\u00fcck an die betreffende Website. So erkennt die Website Ihren Browser und kann beispielsweise Ihre Sprachwahl speichern.\n\nCookies haben in der Regel auch ein Ablaufdatum. Manche Cookies werden automatisch gel\u00f6scht, wenn Sie Ihren Browser schlie\u00dfen (sogenannte Sitzungs-Cookies), andere k\u00f6nnen l\u00e4nger auf Ihrem Computer gespeichert bleiben, bis Sie sie manuell l\u00f6schen (sogenannte permanente oder persistente Cookies).\n\nWir verwenden sowohl First-Party-Cookies als auch Third-Party-Cookies \u2013 also Cookies von einer anderen Domain als der, die Sie gerade besuchen.\n\nCookies, die wir verwenden\n\nWir verwenden verschiedene Arten von Cookies auf dieser Website:\n\n(a)\u00a0\u00a0 <u>Essenzielle Cookies<\/u>: Wir verwenden essenzielle Cookies, um Benutzer zu authentifizieren, betr\u00fcgerische Nutzung der Website zu verhindern und damit die Website und ihre Funktionen ordnungsgem\u00e4\u00df funktionieren k\u00f6nnen; und\n\n(b)\u00a0 <u>Analyse-Cookies<\/u> (optional): Unsere Analyseanbieter verwenden Cookies als Teil ihrer Tools. Analyse-Cookies erm\u00f6glichen es uns und unseren Anbietern, die Anzahl der Nutzer der Website zu erkennen und zu z\u00e4hlen, zu sehen, wie Nutzer mit der Website und verschiedenen Funktionen interagieren und wann Nutzer die Website verwenden. Wir nutzen diese Informationen zur Verbesserung der Website.\n\n(c) \u00a0\u00a0 <u>Marketing-Cookies<\/u> (optional): Drittanbieter verwenden Cookies, um ein Profil Ihrer Interessen zu erstellen und Ihnen relevante Inhalte und Werbung auf anderen Websites anzuzeigen. Marketing-Cookies basieren auf Ihrem einzigartig identifizierenden Browser und Internetger\u00e4t. Wenn Sie diese Cookies nicht zulassen, erhalten Sie weniger zielgerichtete Werbung.\n\n(d)\u00a0\u00a0 <u>Video-Player-Cookies<\/u> (optional): Unsere Website enth\u00e4lt einige Videoinhalte. Wenn Sie diese Einstellung aktivieren, kann dies dazu f\u00fchren, dass die Videoplattform Informationen \u00fcber Ihre Ansicht zu Analyse- und Werbezwecken sammelt. Wenn Sie diese Einstellung nicht aktivieren, k\u00f6nnen Sie die Videoinhalte nicht ansehen.\n\nLISTE DER ESSENZIELLEN COOKIES\n\nSie k\u00f6nnen diese Cookies nicht blockieren, wenn Sie auf diese Website zugreifen m\u00f6chten.\n\n<table width=\"650\"> <tbody> <tr> <td width=\"168\"><strong>Name<\/strong><\/td> <td width=\"108\"><strong>Ablauf<\/strong><\/td> <td width=\"176\"><strong>Beschreibung<\/strong><\/td> <td width=\"87\"><strong>Typ<\/strong><\/td> <td width=\"110\"><strong>Spezifische Website<\/strong><\/td> <\/tr> <tr> <td width=\"168\">ASP.NET_SessionId<\/td> <td width=\"108\">Ende der Sitzung<\/td> <td width=\"176\">Dieses Cookie wird auf Websites verwendet, die mit Microsoft.Net entwickelt wurden. Wenn ein Nutzer mit dem Surfen beginnt, wird eine eindeutige Sitzungs-ID erstellt, die alle Informationen zu dieser Sitzung speichert. Diese Informationen werden auf dem Webserver gespeichert und \u00fcber eine GUID identifiziert. Die GUID ist f\u00fcr das ordnungsgem\u00e4\u00dfe Funktionieren jeder ASP.NET-Seite unerl\u00e4sslich.<\/td> <td width=\"87\">Drittanbieter<\/td> <td width=\"110\">Consist.co.il<\/td> <\/tr> <tr> <td width=\"168\">__cfduid<\/td> <td width=\"108\">30 Tage<\/td> <td width=\"176\">Das Cookie wird von CDN-Diensten wie Cloudflare verwendet, um einzelne Clients hinter einer gemeinsamen IP-Adresse zu identifizieren und Sicherheitseinstellungen pro Client anzuwenden. Es entspricht keiner Nutzer-ID in der Webanwendung und speichert keine personenbezogenen Daten.<\/td> <td width=\"87\">First Party<\/td> <td width=\"110\">doxi.co.il<br>nagix-ua.com<\/td> <\/tr> <tr> <td width=\"168\">_requestverificationtoken<\/td> <td width=\"108\">Ende der Sitzung<\/td> <td width=\"176\">Dieses Cookie ist ein Anti-F\u00e4lschungstoken (verhindert CSRF-Angriffe). Es garantiert, dass der Absender das Formular erh\u00e4lt und verhindert, dass jemand einen Link f\u00e4lscht und von einem berechtigten Nutzer aktiviert wird. Dieses Cookie wird vom Framework erstellt.<\/td> <td width=\"87\">First Party<\/td> <td width=\"110\">doxi.co.il<\/td> <\/tr> <tr> <td width=\"168\">cc_direct_phone_number<\/td> <td width=\"108\">1 Tag bis 2 Jahre<\/td> <td width=\"176\">Dieses Cookie ist mit <strong>CookieConsent<\/strong> verbunden, einer Plattform, die Websites bei der Verwaltung der Nutzerzustimmung zu Cookies und Tracking-Technologien unterst\u00fctzt. Dieses spezielle Cookie speichert die Zustimmung des Nutzers bez\u00fcglich der direkten Telefonnummer.<\/td> <td width=\"87\">First Party<\/td> <td width=\"110\">sendix.co.il<\/td> <\/tr> <tr> <td width=\"168\">visitor_privacy_metadata<\/td> <td width=\"108\">6 Monate<\/td> <td width=\"176\">Dieses Cookie wird von <strong>YouTube<\/strong> gesetzt, um die Datenschutzeinstellungen eines Nutzers beim Interagieren mit eingebetteten YouTube-Videos auf Websites zu verwalten und zu speichern. Es stellt sicher, dass die Zustimmung des Nutzers bez\u00fcglich Datenerfassung und Datenschutzeinstellungen respektiert wird.<\/td> <td width=\"87\">Drittanbieter<\/td> <td width=\"110\">doxi.co.il<br>nagix-ua.com<\/td> <\/tr> <\/tbody> <\/table>\n\nLISTE DER FUNKTIONALEN COOKIES\n<table width=\"650\"> <tbody> <tr> <td colspan=\"2\" width=\"164\">Name<\/td> <td width=\"89\">Ablauf<\/td> <td width=\"236\">Beschreibung<\/td> <td width=\"48\">Typ<\/td> <td width=\"113\">Spezifische Webseite<\/td> <\/tr> <tr> <td width=\"163\">NID<\/td> <td colspan=\"2\" width=\"89\">6 Monate ab der letzten Nutzung des Benutzers<\/td> <td width=\"236\">Wird von Google verwendet, um Benutzerpr\u00e4ferenzen und andere Informationen wie bevorzugte Sprache und SafeSearch-Einstellungen zu speichern<\/td> <td width=\"48\">Drittanbieter<\/td> <td width=\"113\">doxi.co.il sendix.co.il &nbsp;<\/td> <\/tr> <tr> <td width=\"163\"><\/td> <td width=\"0\"><\/td> <td width=\"89\"><\/td> <td width=\"236\"><\/td> <td width=\"48\"><\/td> <td width=\"113\"><\/td> <\/tr> <\/tbody> <\/table>\n\nLISTE DER ANALYTISCHEN COOKIES\nSie k\u00f6nnen diese Cookies ablehnen, wenn Sie unsere Website besuchen m\u00f6chten.\n\n<table width=\"650\"> <tbody> <tr> <td width=\"158\">Name<\/td> <td width=\"95\">Ablauf<\/td> <td width=\"227\">Beschreibung<\/td> <td width=\"57\">Typ<\/td> <td width=\"113\">Spezifische Webseite<\/td> <\/tr> <tr> <td width=\"158\">__utma<\/td> <td width=\"95\"><strong>2 Jahre<\/strong> ab dem letzten Besuch<\/td> <td width=\"227\">Dieses Cookie wird von Google Analytics gesetzt und dient dazu, Nutzer und Sitzungen zu unterscheiden. Das Cookie wird erstellt, wenn die JavaScript-Bibliothek ausgef\u00fchrt wird und keine bestehenden __utma-Cookies vorhanden sind. Das Cookie wird bei jedem Senden von Daten an Google Analytics aktualisiert.<\/td> <td width=\"57\">First-Party<\/td> <td width=\"113\">Consist.co.il<\/td> <\/tr> <tr> <td width=\"158\">__utmc<\/td> <td width=\"95\">Ende der Sitzung<\/td> <td width=\"227\">Das Cookie wird von Google Analytics gesetzt und gel\u00f6scht, wenn der Benutzer den Browser schlie\u00dft. Das Cookie wird von ga.js nicht verwendet. Es erm\u00f6glicht die Interoperabilit\u00e4t mit urchin.js, einer \u00e4lteren Version von Google Analytics, und wird zusammen mit dem __utmb-Cookie verwendet, um neue Sitzungen\/Besuche zu bestimmen.<\/td> <td width=\"57\">First-Party<\/td> <td width=\"113\">Consist.co.il<\/td> <\/tr> <tr> <td width=\"158\">__utmz<\/td> <td width=\"95\">6 Monate<\/td> <td width=\"227\">Dieses Cookie wird von Google Analytics gesetzt und speichert die Traffic-Quelle oder Kampagne, \u00fcber die der Besucher auf Ihre Seite gelangte.<\/td> <td width=\"57\">First-Party<\/td> <td width=\"113\">Consist.co.il<\/td> <\/tr> <tr> <td width=\"158\">__utmt<\/td> <td width=\"95\">10 Minuten<\/td> <td width=\"227\">Das Cookie wird von Google Analytics gesetzt und dient zur Begrenzung der Anfragefrequenz.<\/td> <td width=\"57\"><strong>First-Party<\/strong><\/td> <td width=\"113\">Consist.co.il<\/td> <\/tr> <tr> <td width=\"158\">__utmb<\/td> <td width=\"95\"><strong>30 Minuten<\/strong> ab der letzten Nutzerinteraktion<\/td> <td width=\"227\">Das Cookie wird von Google Analytics gesetzt und dient zur Bestimmung neuer Sitzungen\/Besuche. Es wird erstellt, wenn die JavaScript-Bibliothek ausgef\u00fchrt wird und keine bestehenden __utma-Cookies vorhanden sind. Das Cookie wird bei jedem Senden von Daten an Google Analytics aktualisiert.<\/td> <td width=\"57\">First-Party<\/td> <td width=\"113\">Consist.co.il<\/td> <\/tr> <tr> <td width=\"158\">_gid<\/td> <td width=\"95\">1 Tag<\/td> <td width=\"227\">Dieses Cookie wird von Google Analytics installiert und speichert Informationen dar\u00fcber, wie Besucher die Website nutzen, und erstellt Analyseberichte.<\/td> <td width=\"57\">First-Party<\/td> <td width=\"113\">doxi.co.il<\/td> <\/tr> <tr> <td width=\"158\">ga<\/td> <td width=\"95\">2 Jahre<\/td> <td width=\"227\">Wird von Google Analytics verwendet, um den Sitzungsstatus zu erhalten.<\/td> <td width=\"57\">First-Party<\/td> <td width=\"113\">doxi.co.il sendix.co.il<\/td> <\/tr> <tr> <td width=\"158\"><em>ga<\/em>#<\/td> <td width=\"95\">2 Jahre<\/td> <td width=\"227\">Wird von Google Analytics verwendet, um den Sitzungsstatus zu erhalten.<\/td> <td width=\"57\">First-Party<\/td> <td width=\"113\">doxi.co.il sendix.co.il<\/td> <\/tr> <tr> <td width=\"158\">cc_fbq_time<\/td> <td width=\"95\">1 Tag bis 2 Jahre<\/td> <td width=\"227\">Dieses Cookie ist mit <strong>CookieConsent<\/strong> verbunden, einer Plattform, die Websites dabei unterst\u00fctzt, die Zustimmung der Nutzer f\u00fcr Cookies und Tracking-Technologien zu verwalten. Dieses spezielle Cookie speichert den Zeitstempel, wann der Facebook-Pixel (fbq) auf der Website initialisiert oder ausgel\u00f6st wurde.<\/td> <td width=\"57\">First-Party<\/td> <td width=\"113\">doxi.co.il<\/td> <\/tr> <tr> <td width=\"158\">cc_ga4_cid<\/td> <td width=\"95\">Sitzung<\/td> <td width=\"227\">Das cc_ga4_cid-Cookie ist mit <strong>Google Analytics 4 (GA4)<\/strong> verbunden und speichert die <strong>Client-ID<\/strong> (cid). Die Client-ID ist ein eindeutiger Identifikator, der jedem Nutzer zugewiesen wird, um seine Interaktionen \u00fcber Sitzungen hinweg zu verfolgen.<\/td> <td width=\"57\">First-Party<\/td> <td width=\"113\">doxi.co.il<\/td> <\/tr> <tr> <td width=\"158\">The cc_cid<\/td> <td width=\"95\">2 Jahre<\/td> <td width=\"227\">Das cc_cid-Cookie ist mit <strong>CookieConsent<\/strong> verbunden, einer Plattform, die Websites dabei unterst\u00fctzt, die Zustimmung der Nutzer f\u00fcr Cookies und Tracking-Technologien zu verwalten. Dieses Cookie speichert die <strong>Client-ID<\/strong> (cid), einen eindeutigen Identifikator, der jedem Nutzer zugewiesen wird, um seine Interaktionen \u00fcber Sitzungen hinweg zu verfolgen.<\/td> <td width=\"57\">First-Party<\/td> <td width=\"113\">doxi.co.il<\/td> <\/tr> <tr> <td width=\"158\">client_id<\/td> <td width=\"95\">2 Jahre<\/td> <td width=\"227\">Die client_id ist ein eindeutiger Identifikator, der jedem Nutzer von <strong>Google Analytics<\/strong> zugewiesen wird, um einzelne Interaktionen auf einer Website zu verfolgen. Dieser Identifikator hilft, einzelne Nutzer zu unterscheiden und ihr Verhalten \u00fcber Sitzungen hinweg zu analysieren.<\/td> <td width=\"57\">First-Party<\/td> <td width=\"113\">doxi.co.il<\/td> <\/tr> <tr> <td width=\"158\">lastExternalReferrer<\/td> <td width=\"95\">Sitzung<\/td> <td width=\"227\">Dieses Cookie speichert die URL der Website, die den Besucher auf die aktuelle Seite weitergeleitet hat. Diese Information wird haupts\u00e4chlich f\u00fcr Tracking- und Analysezwecke verwendet, um Website-Besitzern zu helfen, Verkehrsquellen und Nutzer-Navigationsmuster zu verstehen.<\/td> <td width=\"57\">Drittanbieter<\/td> <td width=\"113\">doxi.co.il sendix.co.il<\/td> <\/tr> <\/tbody> <\/table>\n\nLISTE DER MARKETING-COOKIES\n<table width=\"650\"> <tbody> <tr> <td width=\"163\">Name<\/td> <td width=\"90\">Ablauf<\/td> <td width=\"189\">Beschreibung<\/td> <td width=\"94\">Typ<\/td> <td width=\"113\">Spezifische Webseite<\/td> <\/tr> <tr> <td width=\"163\">_fbp<\/td> <td width=\"90\">3 Monate<\/td> <td width=\"189\">Von Facebook gesetzt, um nach dem Besuch der Website Anzeigen auf Facebook oder einer digitalen Plattform mit Facebook-Werbung anzuzeigen.<\/td> <td width=\"94\">Drittanbieter<\/td> <td width=\"113\">doxi.co.il<\/td> <\/tr> <tr> <td width=\"163\">lastExternalReferrerTime<\/td> <td width=\"90\">Persistierend; bleibt auf dem Ger\u00e4t des Nutzers, bis es gel\u00f6scht wird<\/td> <td width=\"189\">Dieses Cookie wird verwendet, um zu erkennen, wie ein Nutzer auf eine Website gelangt ist, indem die zuletzt besuchte externe URL vor dem Besuch der Seite aufgezeichnet wird.<\/td> <td width=\"94\">Drittanbieter<\/td> <td width=\"113\">doxi.co.il sendix.co.il<\/td> <\/tr> <tr> <td width=\"163\">test_cookie<\/td> <td width=\"90\">15 Minuten<\/td> <td width=\"189\">Von doubleclick.net gesetzt, um festzustellen, ob der Browser des Nutzers Cookies unterst\u00fctzt.<\/td> <td width=\"94\">Drittanbieter<\/td> <td width=\"113\">doxi.co.il<\/td> <\/tr> <tr> <td width=\"163\">cc_ga4_cid<\/td> <td width=\"90\">1 Tag bis 2 Jahre<\/td> <td width=\"189\">Das cc_ga4_cid-Cookie ist mit <strong>Google Analytics 4 (GA4)<\/strong> verbunden und speichert die <strong>Client-ID<\/strong> (cid). Die Client-ID ist ein eindeutiger Identifikator, der jedem Nutzer zugewiesen wird, um seine Interaktionen \u00fcber Sitzungen hinweg zu verfolgen.<\/td> <td width=\"94\">First-Party<\/td> <td width=\"113\">doxi.co.il<\/td> <\/tr> <tr> <td width=\"163\">test_cookie<\/td> <td width=\"90\">15 Minuten<\/td> <td width=\"189\">Wird von <strong>Google\u2019s DoubleClick<\/strong> (Werbeplattform) verwendet, um zu bestimmen, ob Cookies im Browser des Nutzers aktiviert sind.<\/td> <td width=\"94\">Drittanbieter<\/td> <td width=\"113\">doxi.co.il<\/td> <\/tr> <tr> <td width=\"163\">cc_fbq_account<\/td> <td width=\"90\">7 Tage<\/td> <td width=\"189\">Das cc_fbq_account-Cookie ist mit <strong>CookieConsent<\/strong> verbunden, einer Plattform zur Verwaltung der Nutzerzustimmung f\u00fcr Cookies und Tracking-Technologien. Dieses Cookie speichert Informationen zum <strong>Facebook Pixel<\/strong> (fbq)-Konto, um die Integration von Facebooks Tracking- und Werbediensten auf der Website zu erm\u00f6glichen.<\/td> <td width=\"94\">First-Party<\/td> <td width=\"113\">doxi.co.il<\/td> <\/tr> <\/tbody> <\/table>\nLISTE DER VIDEO-PLAYER-COOKIES (OPTIONAL)\nYouTube eingebetteter Player\n\n<table> <tbody> <tr> <td width=\"193\">Name<\/td> <td width=\"70\">Ablauf<\/td> <td width=\"189\">Beschreibung<\/td> <td width=\"60\">Typ<\/td> <td width=\"107\">Spezifische Webseite<\/td> <\/tr> <tr> <td width=\"193\">visitor_privacy_metadata<\/td> <td width=\"70\">6 Monate<\/td> <td width=\"189\">Von <strong>YouTube<\/strong> gesetzt, um die Datenschutzpr\u00e4ferenzen eines Nutzers beim Interagieren mit eingebetteten YouTube-Videos auf Websites zu verwalten und zu speichern. Dieses Cookie stellt sicher, dass die Zustimmung des Nutzers hinsichtlich Datenerfassung und Datenschutzeinstellungen respektiert wird.<\/td> <td width=\"60\">Drittanbieter<\/td> <td width=\"107\">doxi.co.il<br>nagix-ua.com<\/td> <\/tr> <tr> <td width=\"193\">VISITOR_INFO1_LIVE<\/td> <td width=\"70\">5 Monate 27 Tage<\/td> <td width=\"189\">Von YouTube gesetzt, um die Bandbreite zu messen und festzustellen, ob der Nutzer die neue oder alte Player-Oberfl\u00e4che erh\u00e4lt.<\/td> <td width=\"60\">Drittanbieter<\/td> <td width=\"107\">doxi.co.il<br>nagix-ua.com sendix.co.il<\/td> <\/tr> <tr> <td width=\"193\">YSC<\/td> <td width=\"70\">Sitzung<\/td> <td width=\"189\">Von YouTube gesetzt, um Ansichten eingebetteter Videos zu verfolgen.<\/td> <td width=\"60\">Drittanbieter<\/td> <td width=\"107\">doxi.co.il<br>nagix-ua.com sendix.co.il<\/td> <\/tr> <tr> <td width=\"193\">_Secure-ROLLOUT_TOKEN<\/td> <td width=\"70\">180 Tage<\/td> <td width=\"189\">Von <strong>YouTube<\/strong> gesetzt, um eine eindeutige ID zu registrieren, die Statistiken dar\u00fcber f\u00fchrt, welche YouTube-Videos der Nutzer angesehen hat.<\/td> <td width=\"60\">Drittanbieter<\/td> <td width=\"107\">doxi.co.il<\/td> <\/tr> <\/tbody> <\/table>\n\n&nbsp;\t\t\t\t\t\t\t\t<\/div>\n\t\t\t\t<\/div>\n\t\t\t\t\t<\/div>\n\t\t\t\t<\/div>\n\t\t\t\t<\/div>\n\t\t","protected":false},"excerpt":{"rendered":"<p>Consist Group Cookie-Richtlinie Alle hierin nicht definierten Begriffe haben die in unseren Nutzungsbedingungen oder der Datenschutzerkl\u00e4rung festgelegte Bedeutung. \u00dcber uns Diese Website www.consist.co.il einschlie\u00dflich ihrer zugeh\u00f6rigen Subdomains (die \u201eWebsite\u201c) wird betrieben von Consist (Israel) Software and Computer Solutions Ltd., Consist Systems Ltd. und Consist Technologies Ltd., verbundene Unternehmen mit Sitz in Israel, registriert unter der [&hellip;]<\/p>\n","protected":false},"author":2,"featured_media":0,"parent":0,"menu_order":0,"comment_status":"closed","ping_status":"closed","template":"elementor_header_footer","meta":{"_eb_attr":"","footnotes":""},"class_list":["post-1234","page","type-page","status-publish","hentry"],"yoast_head":"<!-- This site is optimized with the Yoast SEO plugin v24.0 - https:\/\/yoast.com\/wordpress\/plugins\/seo\/ -->\n<title>Cookie-Richtlinie - Nagix UA<\/title>\n<meta name=\"robots\" content=\"index, follow, max-snippet:-1, max-image-preview:large, max-video-preview:-1\" \/>\n<link rel=\"canonical\" href=\"https:\/\/nagix-ua.com\/de\/cookie-policy\/\" \/>\n<meta property=\"og:locale\" content=\"de_DE\" \/>\n<meta property=\"og:type\" content=\"article\" \/>\n<meta property=\"og:title\" content=\"Cookie-Richtlinie - Nagix UA\" \/>\n<meta property=\"og:description\" content=\"Consist Group Cookie-Richtlinie Alle hierin nicht definierten Begriffe haben die in unseren Nutzungsbedingungen oder der Datenschutzerkl\u00e4rung festgelegte Bedeutung. \u00dcber uns Diese Website www.consist.co.il einschlie\u00dflich ihrer zugeh\u00f6rigen Subdomains (die \u201eWebsite\u201c) wird betrieben von Consist (Israel) Software and Computer Solutions Ltd., Consist Systems Ltd. und Consist Technologies Ltd., verbundene Unternehmen mit Sitz in Israel, registriert unter der [&hellip;]\" \/>\n<meta property=\"og:url\" content=\"https:\/\/nagix-ua.com\/de\/cookie-policy\/\" \/>\n<meta property=\"og:site_name\" content=\"Nagix UA\" \/>\n<meta property=\"article:modified_time\" content=\"2025-06-26T13:46:45+00:00\" \/>\n<meta name=\"twitter:card\" content=\"summary_large_image\" \/>\n<meta name=\"twitter:label1\" content=\"Gesch\u00e4tzte Lesezeit\" \/>\n\t<meta name=\"twitter:data1\" content=\"9\u00a0Minuten\" \/>\n<script type=\"application\/ld+json\" class=\"yoast-schema-graph\">{\"@context\":\"https:\/\/schema.org\",\"@graph\":[{\"@type\":\"WebPage\",\"@id\":\"https:\/\/nagix-ua.com\/de\/cookie-policy\/\",\"url\":\"https:\/\/nagix-ua.com\/de\/cookie-policy\/\",\"name\":\"Cookie-Richtlinie - Nagix UA\",\"isPartOf\":{\"@id\":\"https:\/\/nagix-ua.com\/de\/#website\"},\"datePublished\":\"2025-04-21T10:27:36+00:00\",\"dateModified\":\"2025-06-26T13:46:45+00:00\",\"breadcrumb\":{\"@id\":\"https:\/\/nagix-ua.com\/de\/cookie-policy\/#breadcrumb\"},\"inLanguage\":\"de\",\"potentialAction\":[{\"@type\":\"ReadAction\",\"target\":[\"https:\/\/nagix-ua.com\/de\/cookie-policy\/\"]}]},{\"@type\":\"BreadcrumbList\",\"@id\":\"https:\/\/nagix-ua.com\/de\/cookie-policy\/#breadcrumb\",\"itemListElement\":[{\"@type\":\"ListItem\",\"position\":1,\"name\":\"Home\",\"item\":\"https:\/\/nagix-ua.com\/de\/\"},{\"@type\":\"ListItem\",\"position\":2,\"name\":\"Cookie-Richtlinie\"}]},{\"@type\":\"WebSite\",\"@id\":\"https:\/\/nagix-ua.com\/de\/#website\",\"url\":\"https:\/\/nagix-ua.com\/de\/\",\"name\":\"Nagix UA\",\"description\":\"\",\"publisher\":{\"@id\":\"https:\/\/nagix-ua.com\/de\/#organization\"},\"potentialAction\":[{\"@type\":\"SearchAction\",\"target\":{\"@type\":\"EntryPoint\",\"urlTemplate\":\"https:\/\/nagix-ua.com\/de\/?s={search_term_string}\"},\"query-input\":{\"@type\":\"PropertyValueSpecification\",\"valueRequired\":true,\"valueName\":\"search_term_string\"}}],\"inLanguage\":\"de\"},{\"@type\":\"Organization\",\"@id\":\"https:\/\/nagix-ua.com\/de\/#organization\",\"name\":\"Nagix UA\",\"url\":\"https:\/\/nagix-ua.com\/de\/\",\"logo\":{\"@type\":\"ImageObject\",\"inLanguage\":\"de\",\"@id\":\"https:\/\/nagix-ua.com\/de\/#\/schema\/logo\/image\/\",\"url\":\"https:\/\/nagix-ua.com\/wp-content\/uploads\/2024\/11\/NAGIX-Document-Accessibilty-System-Logo-1.png\",\"contentUrl\":\"https:\/\/nagix-ua.com\/wp-content\/uploads\/2024\/11\/NAGIX-Document-Accessibilty-System-Logo-1.png\",\"width\":1198,\"height\":370,\"caption\":\"Nagix UA\"},\"image\":{\"@id\":\"https:\/\/nagix-ua.com\/de\/#\/schema\/logo\/image\/\"}}]}<\/script>\n<!-- \/ Yoast SEO plugin. -->","yoast_head_json":{"title":"Cookie-Richtlinie - Nagix UA","robots":{"index":"index","follow":"follow","max-snippet":"max-snippet:-1","max-image-preview":"max-image-preview:large","max-video-preview":"max-video-preview:-1"},"canonical":"https:\/\/nagix-ua.com\/de\/cookie-policy\/","og_locale":"de_DE","og_type":"article","og_title":"Cookie-Richtlinie - Nagix UA","og_description":"Consist Group Cookie-Richtlinie Alle hierin nicht definierten Begriffe haben die in unseren Nutzungsbedingungen oder der Datenschutzerkl\u00e4rung festgelegte Bedeutung. \u00dcber uns Diese Website www.consist.co.il einschlie\u00dflich ihrer zugeh\u00f6rigen Subdomains (die \u201eWebsite\u201c) wird betrieben von Consist (Israel) Software and Computer Solutions Ltd., Consist Systems Ltd. und Consist Technologies Ltd., verbundene Unternehmen mit Sitz in Israel, registriert unter der [&hellip;]","og_url":"https:\/\/nagix-ua.com\/de\/cookie-policy\/","og_site_name":"Nagix UA","article_modified_time":"2025-06-26T13:46:45+00:00","twitter_card":"summary_large_image","twitter_misc":{"Gesch\u00e4tzte Lesezeit":"9\u00a0Minuten"},"schema":{"@context":"https:\/\/schema.org","@graph":[{"@type":"WebPage","@id":"https:\/\/nagix-ua.com\/de\/cookie-policy\/","url":"https:\/\/nagix-ua.com\/de\/cookie-policy\/","name":"Cookie-Richtlinie - Nagix UA","isPartOf":{"@id":"https:\/\/nagix-ua.com\/de\/#website"},"datePublished":"2025-04-21T10:27:36+00:00","dateModified":"2025-06-26T13:46:45+00:00","breadcrumb":{"@id":"https:\/\/nagix-ua.com\/de\/cookie-policy\/#breadcrumb"},"inLanguage":"de","potentialAction":[{"@type":"ReadAction","target":["https:\/\/nagix-ua.com\/de\/cookie-policy\/"]}]},{"@type":"BreadcrumbList","@id":"https:\/\/nagix-ua.com\/de\/cookie-policy\/#breadcrumb","itemListElement":[{"@type":"ListItem","position":1,"name":"Home","item":"https:\/\/nagix-ua.com\/de\/"},{"@type":"ListItem","position":2,"name":"Cookie-Richtlinie"}]},{"@type":"WebSite","@id":"https:\/\/nagix-ua.com\/de\/#website","url":"https:\/\/nagix-ua.com\/de\/","name":"Nagix UA","description":"","publisher":{"@id":"https:\/\/nagix-ua.com\/de\/#organization"},"potentialAction":[{"@type":"SearchAction","target":{"@type":"EntryPoint","urlTemplate":"https:\/\/nagix-ua.com\/de\/?s={search_term_string}"},"query-input":{"@type":"PropertyValueSpecification","valueRequired":true,"valueName":"search_term_string"}}],"inLanguage":"de"},{"@type":"Organization","@id":"https:\/\/nagix-ua.com\/de\/#organization","name":"Nagix UA","url":"https:\/\/nagix-ua.com\/de\/","logo":{"@type":"ImageObject","inLanguage":"de","@id":"https:\/\/nagix-ua.com\/de\/#\/schema\/logo\/image\/","url":"https:\/\/nagix-ua.com\/wp-content\/uploads\/2024\/11\/NAGIX-Document-Accessibilty-System-Logo-1.png","contentUrl":"https:\/\/nagix-ua.com\/wp-content\/uploads\/2024\/11\/NAGIX-Document-Accessibilty-System-Logo-1.png","width":1198,"height":370,"caption":"Nagix UA"},"image":{"@id":"https:\/\/nagix-ua.com\/de\/#\/schema\/logo\/image\/"}}]}},"_links":{"self":[{"href":"https:\/\/nagix-ua.com\/de\/wp-json\/wp\/v2\/pages\/1234","targetHints":{"allow":["GET"]}}],"collection":[{"href":"https:\/\/nagix-ua.com\/de\/wp-json\/wp\/v2\/pages"}],"about":[{"href":"https:\/\/nagix-ua.com\/de\/wp-json\/wp\/v2\/types\/page"}],"author":[{"embeddable":true,"href":"https:\/\/nagix-ua.com\/de\/wp-json\/wp\/v2\/users\/2"}],"replies":[{"embeddable":true,"href":"https:\/\/nagix-ua.com\/de\/wp-json\/wp\/v2\/comments?post=1234"}],"version-history":[{"count":4,"href":"https:\/\/nagix-ua.com\/de\/wp-json\/wp\/v2\/pages\/1234\/revisions"}],"predecessor-version":[{"id":1238,"href":"https:\/\/nagix-ua.com\/de\/wp-json\/wp\/v2\/pages\/1234\/revisions\/1238"}],"wp:attachment":[{"href":"https:\/\/nagix-ua.com\/de\/wp-json\/wp\/v2\/media?parent=1234"}],"curies":[{"name":"wp","href":"https:\/\/api.w.org\/{rel}","templated":true}]}}