{"id":560,"date":"2024-11-25T11:14:30","date_gmt":"2024-11-25T11:14:30","guid":{"rendered":"https:\/\/nagix-ua.com\/ueber-consist\/"},"modified":"2025-06-27T12:41:02","modified_gmt":"2025-06-27T12:41:02","slug":"ueber-consist","status":"publish","type":"page","link":"https:\/\/nagix-ua.com\/de\/ueber-consist\/","title":{"rendered":"\u00dcber"},"content":{"rendered":"\t\t<div data-elementor-type=\"wp-page\" data-elementor-id=\"560\" class=\"elementor elementor-560 elementor-155\" data-elementor-post-type=\"page\">\n\t\t\t\t<div class=\"elementor-element elementor-element-185c4f6a e-con-full elementor-hidden-mobile e-flex e-con e-parent\" data-id=\"185c4f6a\" data-element_type=\"container\" data-e-type=\"container\" data-settings=\"{&quot;background_background&quot;:&quot;classic&quot;}\">\n\t\t<div class=\"elementor-element elementor-element-4bbd6d17 e-con-full e-flex e-con e-child\" data-id=\"4bbd6d17\" data-element_type=\"container\" data-e-type=\"container\">\n\t\t\t\t<\/div>\n\t\t\t\t<\/div>\n\t\t<div class=\"elementor-element elementor-element-187a1a3f e-con-full e-flex e-con e-parent\" data-id=\"187a1a3f\" data-element_type=\"container\" data-e-type=\"container\" data-settings=\"{&quot;background_background&quot;:&quot;classic&quot;}\">\n\t\t<div class=\"elementor-element elementor-element-fc8197b e-con-full e-flex e-con e-child\" data-id=\"fc8197b\" data-element_type=\"container\" data-e-type=\"container\">\n\t\t\t\t<div class=\"elementor-element elementor-element-186a3c1a elementor-widget elementor-widget-heading\" data-id=\"186a3c1a\" data-element_type=\"widget\" data-e-type=\"widget\" data-widget_type=\"heading.default\">\n\t\t\t\t<div class=\"elementor-widget-container\">\n\t\t\t\t\t<h1 class=\"elementor-heading-title elementor-size-default\">\u00dcber Consist Software Solutions<\/h1>\t\t\t\t<\/div>\n\t\t\t\t<\/div>\n\t\t\t\t<\/div>\n\t\t\t\t<\/div>\n\t\t<div class=\"elementor-element elementor-element-1d6623dd e-flex e-con-boxed e-con e-parent\" data-id=\"1d6623dd\" data-element_type=\"container\" data-e-type=\"container\">\n\t\t\t\t\t<div class=\"e-con-inner\">\n\t\t<div class=\"elementor-element elementor-element-4e02276a e-con-full e-flex e-con e-child\" data-id=\"4e02276a\" data-element_type=\"container\" data-e-type=\"container\">\n\t\t\t\t<div class=\"elementor-element elementor-element-60e0510e elementor-widget elementor-widget-text-editor\" data-id=\"60e0510e\" data-element_type=\"widget\" data-e-type=\"widget\" data-widget_type=\"text-editor.default\">\n\t\t\t\t<div class=\"elementor-widget-container\">\n\t\t\t\t\t\t\t\t\t<p>Die 1972 gegr\u00fcndete Consist Software Solutions Worldwide Group ist ein f\u00fchrendes Unternehmen f\u00fcr Wirtschaftsinformatik und Software mit Hauptsitz in New York und Niederlassungen und Entwicklungszentren in Israel, Deutschland, S\u00fcdamerika, Mexiko, Spanien und den Vereinigten Staaten. Consist besch\u00e4ftigt weltweit \u00fcber 1.000 Mitarbeiter und bietet Produkte, Dienstleistungen und L\u00f6sungen f\u00fcr Tausende von Kunden in Dutzenden von L\u00e4ndern rund um den Globus.<\/p>\t\t\t\t\t\t\t\t<\/div>\n\t\t\t\t<\/div>\n\t\t\t\t<div class=\"elementor-element elementor-element-3689c11 elementor-widget elementor-widget-heading\" data-id=\"3689c11\" data-element_type=\"widget\" data-e-type=\"widget\" data-widget_type=\"heading.default\">\n\t\t\t\t<div class=\"elementor-widget-container\">\n\t\t\t\t\t<h2 class=\"elementor-heading-title elementor-size-default\">Consist liefert softwarebasierte L\u00f6sungen auf drei Arten  <\/h2>\t\t\t\t<\/div>\n\t\t\t\t<\/div>\n\t\t\t\t<div class=\"elementor-element elementor-element-6077c108 elementor-widget elementor-widget-text-editor\" data-id=\"6077c108\" data-element_type=\"widget\" data-e-type=\"widget\" data-widget_type=\"text-editor.default\">\n\t\t\t\t<div class=\"elementor-widget-container\">\n\t\t\t\t\t\t\t\t\t<ul>\n<li>Softwarel\u00f6sungen, die in den Entwicklungszentren von Consist auf der ganzen Welt entwickelt werden, sowie Softwarel\u00f6sungen anderer f\u00fchrender Softwareanbieter, die von Consist vertreten, implementiert und unterst\u00fctzt werden.<\/li>\n<li>Softwarel\u00f6sungen, die speziell nach den Anforderungen des Kunden entwickelt und als Beratungsdienste oder Festpreisprojekt angeboten werden.<\/li>\n<li>Zu den Softwarebereichen, die Consist abdeckt, geh\u00f6ren Fintech-Systeme, Output-Management-Systeme, Software-Migrations-Systeme, ERP, Human Resources, Business Intelligence, WEB-basierte L\u00f6sungen, IT-Center-Management-L\u00f6sungen, Omni-Channel-Kommunikationssysteme, ITSM- und ESM-Systeme (Enterprise Management), L\u00f6sungen f\u00fcr digitale Signaturen und digitale Dokumente, virtuelle Kundenservice-L\u00f6sungen, Cyber-Schutz- und Datensicherheitsl\u00f6sungen und viele andere.<\/li>\n<\/ul>\n<p><br role=\"presentation\">Die L\u00f6sungen und Dienstleistungen der Consist Worldwide Group decken das gesamte Spektrum der IT-Technologien ab und halten ihr Know-how stets auf dem neuesten Stand der Innovationen bei Computern, IT-Umgebungen, Programmiersprachen, Datenbanktechnologien und den vorherrschenden Standards und Trends. Der weltweite Kundenstamm von Consist setzt sich aus f\u00fchrenden Organisationen in jedem Land zusammen: Regierungsorganisationen auf Bundes- und Landesebene, Kommunen, Telekommunikationsunternehmen, Finanzinstitute, f\u00fchrende Industrie- und Handelsunternehmen, Versorgungsunternehmen und viele andere. Die von Consist gelieferten Softwaresysteme und Dienstleistungen sind in der Regel unternehmenskritisch und basieren in der Regel auf einer langj\u00e4hrigen strategischen Partnerschaft zwischen Consist und seinen Kunden.<\/p>\n\t\t\t\t\t\t\t\t<\/div>\n\t\t\t\t<\/div>\n\t\t\t\t<\/div>\n\t\t\t\t\t<\/div>\n\t\t\t\t<\/div>\n\t\t<div class=\"elementor-element elementor-element-a73e53c e-flex e-con-boxed e-con e-parent\" data-id=\"a73e53c\" data-element_type=\"container\" data-e-type=\"container\">\n\t\t\t\t\t<div class=\"e-con-inner\">\n\t\t<div class=\"elementor-element elementor-element-5e2390c8 e-con-full e-flex e-con e-child\" data-id=\"5e2390c8\" data-element_type=\"container\" data-e-type=\"container\">\n\t\t\t\t<div class=\"elementor-element elementor-element-66a1b1e6 elementor-widget elementor-widget-spacer\" data-id=\"66a1b1e6\" data-element_type=\"widget\" data-e-type=\"widget\" data-widget_type=\"spacer.default\">\n\t\t\t\t<div class=\"elementor-widget-container\">\n\t\t\t\t\t\t\t<div class=\"elementor-spacer\">\n\t\t\t<div class=\"elementor-spacer-inner\"><\/div>\n\t\t<\/div>\n\t\t\t\t\t\t<\/div>\n\t\t\t\t<\/div>\n\t\t\t\t<div class=\"elementor-element elementor-element-5d980971 elementor-widget elementor-widget-video\" data-id=\"5d980971\" data-element_type=\"widget\" data-e-type=\"widget\" data-settings=\"{&quot;youtube_url&quot;:&quot;https:\\\/\\\/www.youtube.com\\\/watch?v=9lIZ2Mp_fXg&quot;,&quot;autoplay&quot;:&quot;yes&quot;,&quot;video_type&quot;:&quot;youtube&quot;,&quot;controls&quot;:&quot;yes&quot;}\" data-widget_type=\"video.default\">\n\t\t\t\t<div class=\"elementor-widget-container\">\n\t\t\t\t\t\t\t<div class=\"elementor-wrapper elementor-open-inline\">\n\t\t\t<div class=\"elementor-video\"><\/div>\t\t<\/div>\n\t\t\t\t\t\t<\/div>\n\t\t\t\t<\/div>\n\t\t\t\t<\/div>\n\t\t\t\t\t<\/div>\n\t\t\t\t<\/div>\n\t\t<div class=\"elementor-element elementor-element-2df932f0 e-flex e-con-boxed e-con e-parent\" data-id=\"2df932f0\" data-element_type=\"container\" data-e-type=\"container\">\n\t\t\t\t\t<div class=\"e-con-inner\">\n\t\t<div class=\"elementor-element elementor-element-60a560b5 e-con-full e-flex e-con e-child\" data-id=\"60a560b5\" data-element_type=\"container\" data-e-type=\"container\" data-settings=\"{&quot;background_background&quot;:&quot;classic&quot;}\">\n\t\t\t\t<div class=\"elementor-element elementor-element-40024fe5 elementor-hidden-mobile elementor-widget elementor-widget-heading\" data-id=\"40024fe5\" data-element_type=\"widget\" data-e-type=\"widget\" data-widget_type=\"heading.default\">\n\t\t\t\t<div class=\"elementor-widget-container\">\n\t\t\t\t\t<h2 class=\"elementor-heading-title elementor-size-default\">Besteht aus weltweiten B\u00fcros und Entwicklungszentren<\/h2>\t\t\t\t<\/div>\n\t\t\t\t<\/div>\n\t\t\t\t<div class=\"elementor-element elementor-element-3f27cb64 elementor-hidden-mobile elementor-widget elementor-widget-image\" data-id=\"3f27cb64\" data-element_type=\"widget\" data-e-type=\"widget\" data-widget_type=\"image.default\">\n\t\t\t\t<div class=\"elementor-widget-container\">\n\t\t\t\t\t\t\t\t\t\t\t\t\t\t\t<img fetchpriority=\"high\" decoding=\"async\" width=\"956\" height=\"528\" src=\"https:\/\/nagix-ua.com\/wp-content\/uploads\/2024\/11\/about-the-world-of-consist-1.jpg\" class=\"attachment-full size-full wp-image-157\" alt=\"\" srcset=\"https:\/\/nagix-ua.com\/wp-content\/uploads\/2024\/11\/about-the-world-of-consist-1.jpg 956w, https:\/\/nagix-ua.com\/wp-content\/uploads\/2024\/11\/about-the-world-of-consist-1-300x166.jpg 300w, https:\/\/nagix-ua.com\/wp-content\/uploads\/2024\/11\/about-the-world-of-consist-1-768x424.jpg 768w\" sizes=\"(max-width: 956px) 100vw, 956px\" \/>\t\t\t\t\t\t\t\t\t\t\t\t\t\t\t<\/div>\n\t\t\t\t<\/div>\n\t\t\t\t<\/div>\n\t\t\t\t\t<\/div>\n\t\t\t\t<\/div>\n\t\t\t\t<\/div>\n\t\t","protected":false},"excerpt":{"rendered":"<p>\u00dcber Consist Software Solutions Die 1972 gegr\u00fcndete Consist Software Solutions Worldwide Group ist ein f\u00fchrendes Unternehmen f\u00fcr Wirtschaftsinformatik und Software mit Hauptsitz in New York und Niederlassungen und Entwicklungszentren in Israel, Deutschland, S\u00fcdamerika, Mexiko, Spanien und den Vereinigten Staaten. Consist besch\u00e4ftigt weltweit \u00fcber 1.000 Mitarbeiter und bietet Produkte, Dienstleistungen und L\u00f6sungen f\u00fcr Tausende von Kunden [&hellip;]<\/p>\n","protected":false},"author":1,"featured_media":0,"parent":0,"menu_order":0,"comment_status":"closed","ping_status":"closed","template":"elementor_header_footer","meta":{"_eb_attr":"","footnotes":""},"class_list":["post-560","page","type-page","status-publish","hentry"],"yoast_head":"<!-- This site is optimized with the Yoast SEO plugin v24.0 - https:\/\/yoast.com\/wordpress\/plugins\/seo\/ -->\n<title>\u00dcber - Nagix UA<\/title>\n<meta name=\"robots\" content=\"index, follow, max-snippet:-1, max-image-preview:large, max-video-preview:-1\" \/>\n<link rel=\"canonical\" href=\"https:\/\/nagix-ua.com\/de\/ueber-consist\/\" \/>\n<meta property=\"og:locale\" content=\"de_DE\" \/>\n<meta property=\"og:type\" content=\"article\" \/>\n<meta property=\"og:title\" content=\"\u00dcber - Nagix UA\" \/>\n<meta property=\"og:description\" content=\"\u00dcber Consist Software Solutions Die 1972 gegr\u00fcndete Consist Software Solutions Worldwide Group ist ein f\u00fchrendes Unternehmen f\u00fcr Wirtschaftsinformatik und Software mit Hauptsitz in New York und Niederlassungen und Entwicklungszentren in Israel, Deutschland, S\u00fcdamerika, Mexiko, Spanien und den Vereinigten Staaten. Consist besch\u00e4ftigt weltweit \u00fcber 1.000 Mitarbeiter und bietet Produkte, Dienstleistungen und L\u00f6sungen f\u00fcr Tausende von Kunden [&hellip;]\" \/>\n<meta property=\"og:url\" content=\"https:\/\/nagix-ua.com\/de\/ueber-consist\/\" \/>\n<meta property=\"og:site_name\" content=\"Nagix UA\" \/>\n<meta property=\"article:modified_time\" content=\"2025-06-27T12:41:02+00:00\" \/>\n<meta property=\"og:image\" content=\"https:\/\/nagix-ua.com\/wp-content\/uploads\/2024\/11\/about-the-world-of-consist-1.jpg\" \/>\n\t<meta property=\"og:image:width\" content=\"956\" \/>\n\t<meta property=\"og:image:height\" content=\"528\" \/>\n\t<meta property=\"og:image:type\" content=\"image\/jpeg\" \/>\n<meta name=\"twitter:card\" content=\"summary_large_image\" \/>\n<meta name=\"twitter:label1\" content=\"Gesch\u00e4tzte Lesezeit\" \/>\n\t<meta name=\"twitter:data1\" content=\"2\u00a0Minuten\" \/>\n<script type=\"application\/ld+json\" class=\"yoast-schema-graph\">{\"@context\":\"https:\/\/schema.org\",\"@graph\":[{\"@type\":\"WebPage\",\"@id\":\"https:\/\/nagix-ua.com\/de\/ueber-consist\/\",\"url\":\"https:\/\/nagix-ua.com\/de\/ueber-consist\/\",\"name\":\"\u00dcber - Nagix UA\",\"isPartOf\":{\"@id\":\"https:\/\/nagix-ua.com\/de\/#website\"},\"primaryImageOfPage\":{\"@id\":\"https:\/\/nagix-ua.com\/de\/ueber-consist\/#primaryimage\"},\"image\":{\"@id\":\"https:\/\/nagix-ua.com\/de\/ueber-consist\/#primaryimage\"},\"thumbnailUrl\":\"https:\/\/nagix-ua.com\/wp-content\/uploads\/2024\/11\/about-the-world-of-consist-1.jpg\",\"datePublished\":\"2024-11-25T11:14:30+00:00\",\"dateModified\":\"2025-06-27T12:41:02+00:00\",\"breadcrumb\":{\"@id\":\"https:\/\/nagix-ua.com\/de\/ueber-consist\/#breadcrumb\"},\"inLanguage\":\"de\",\"potentialAction\":[{\"@type\":\"ReadAction\",\"target\":[\"https:\/\/nagix-ua.com\/de\/ueber-consist\/\"]}]},{\"@type\":\"ImageObject\",\"inLanguage\":\"de\",\"@id\":\"https:\/\/nagix-ua.com\/de\/ueber-consist\/#primaryimage\",\"url\":\"https:\/\/nagix-ua.com\/wp-content\/uploads\/2024\/11\/about-the-world-of-consist-1.jpg\",\"contentUrl\":\"https:\/\/nagix-ua.com\/wp-content\/uploads\/2024\/11\/about-the-world-of-consist-1.jpg\"},{\"@type\":\"BreadcrumbList\",\"@id\":\"https:\/\/nagix-ua.com\/de\/ueber-consist\/#breadcrumb\",\"itemListElement\":[{\"@type\":\"ListItem\",\"position\":1,\"name\":\"Home\",\"item\":\"https:\/\/nagix-ua.com\/de\/\"},{\"@type\":\"ListItem\",\"position\":2,\"name\":\"\u00dcber\"}]},{\"@type\":\"WebSite\",\"@id\":\"https:\/\/nagix-ua.com\/de\/#website\",\"url\":\"https:\/\/nagix-ua.com\/de\/\",\"name\":\"Nagix UA\",\"description\":\"\",\"publisher\":{\"@id\":\"https:\/\/nagix-ua.com\/de\/#organization\"},\"potentialAction\":[{\"@type\":\"SearchAction\",\"target\":{\"@type\":\"EntryPoint\",\"urlTemplate\":\"https:\/\/nagix-ua.com\/de\/?s={search_term_string}\"},\"query-input\":{\"@type\":\"PropertyValueSpecification\",\"valueRequired\":true,\"valueName\":\"search_term_string\"}}],\"inLanguage\":\"de\"},{\"@type\":\"Organization\",\"@id\":\"https:\/\/nagix-ua.com\/de\/#organization\",\"name\":\"Nagix UA\",\"url\":\"https:\/\/nagix-ua.com\/de\/\",\"logo\":{\"@type\":\"ImageObject\",\"inLanguage\":\"de\",\"@id\":\"https:\/\/nagix-ua.com\/de\/#\/schema\/logo\/image\/\",\"url\":\"https:\/\/nagix-ua.com\/wp-content\/uploads\/2024\/11\/NAGIX-Document-Accessibilty-System-Logo-1.png\",\"contentUrl\":\"https:\/\/nagix-ua.com\/wp-content\/uploads\/2024\/11\/NAGIX-Document-Accessibilty-System-Logo-1.png\",\"width\":1198,\"height\":370,\"caption\":\"Nagix UA\"},\"image\":{\"@id\":\"https:\/\/nagix-ua.com\/de\/#\/schema\/logo\/image\/\"}}]}<\/script>\n<!-- \/ Yoast SEO plugin. -->","yoast_head_json":{"title":"\u00dcber - Nagix UA","robots":{"index":"index","follow":"follow","max-snippet":"max-snippet:-1","max-image-preview":"max-image-preview:large","max-video-preview":"max-video-preview:-1"},"canonical":"https:\/\/nagix-ua.com\/de\/ueber-consist\/","og_locale":"de_DE","og_type":"article","og_title":"\u00dcber - Nagix UA","og_description":"\u00dcber Consist Software Solutions Die 1972 gegr\u00fcndete Consist Software Solutions Worldwide Group ist ein f\u00fchrendes Unternehmen f\u00fcr Wirtschaftsinformatik und Software mit Hauptsitz in New York und Niederlassungen und Entwicklungszentren in Israel, Deutschland, S\u00fcdamerika, Mexiko, Spanien und den Vereinigten Staaten. Consist besch\u00e4ftigt weltweit \u00fcber 1.000 Mitarbeiter und bietet Produkte, Dienstleistungen und L\u00f6sungen f\u00fcr Tausende von Kunden [&hellip;]","og_url":"https:\/\/nagix-ua.com\/de\/ueber-consist\/","og_site_name":"Nagix UA","article_modified_time":"2025-06-27T12:41:02+00:00","og_image":[{"width":956,"height":528,"url":"https:\/\/nagix-ua.com\/wp-content\/uploads\/2024\/11\/about-the-world-of-consist-1.jpg","type":"image\/jpeg"}],"twitter_card":"summary_large_image","twitter_misc":{"Gesch\u00e4tzte Lesezeit":"2\u00a0Minuten"},"schema":{"@context":"https:\/\/schema.org","@graph":[{"@type":"WebPage","@id":"https:\/\/nagix-ua.com\/de\/ueber-consist\/","url":"https:\/\/nagix-ua.com\/de\/ueber-consist\/","name":"\u00dcber - Nagix UA","isPartOf":{"@id":"https:\/\/nagix-ua.com\/de\/#website"},"primaryImageOfPage":{"@id":"https:\/\/nagix-ua.com\/de\/ueber-consist\/#primaryimage"},"image":{"@id":"https:\/\/nagix-ua.com\/de\/ueber-consist\/#primaryimage"},"thumbnailUrl":"https:\/\/nagix-ua.com\/wp-content\/uploads\/2024\/11\/about-the-world-of-consist-1.jpg","datePublished":"2024-11-25T11:14:30+00:00","dateModified":"2025-06-27T12:41:02+00:00","breadcrumb":{"@id":"https:\/\/nagix-ua.com\/de\/ueber-consist\/#breadcrumb"},"inLanguage":"de","potentialAction":[{"@type":"ReadAction","target":["https:\/\/nagix-ua.com\/de\/ueber-consist\/"]}]},{"@type":"ImageObject","inLanguage":"de","@id":"https:\/\/nagix-ua.com\/de\/ueber-consist\/#primaryimage","url":"https:\/\/nagix-ua.com\/wp-content\/uploads\/2024\/11\/about-the-world-of-consist-1.jpg","contentUrl":"https:\/\/nagix-ua.com\/wp-content\/uploads\/2024\/11\/about-the-world-of-consist-1.jpg"},{"@type":"BreadcrumbList","@id":"https:\/\/nagix-ua.com\/de\/ueber-consist\/#breadcrumb","itemListElement":[{"@type":"ListItem","position":1,"name":"Home","item":"https:\/\/nagix-ua.com\/de\/"},{"@type":"ListItem","position":2,"name":"\u00dcber"}]},{"@type":"WebSite","@id":"https:\/\/nagix-ua.com\/de\/#website","url":"https:\/\/nagix-ua.com\/de\/","name":"Nagix UA","description":"","publisher":{"@id":"https:\/\/nagix-ua.com\/de\/#organization"},"potentialAction":[{"@type":"SearchAction","target":{"@type":"EntryPoint","urlTemplate":"https:\/\/nagix-ua.com\/de\/?s={search_term_string}"},"query-input":{"@type":"PropertyValueSpecification","valueRequired":true,"valueName":"search_term_string"}}],"inLanguage":"de"},{"@type":"Organization","@id":"https:\/\/nagix-ua.com\/de\/#organization","name":"Nagix UA","url":"https:\/\/nagix-ua.com\/de\/","logo":{"@type":"ImageObject","inLanguage":"de","@id":"https:\/\/nagix-ua.com\/de\/#\/schema\/logo\/image\/","url":"https:\/\/nagix-ua.com\/wp-content\/uploads\/2024\/11\/NAGIX-Document-Accessibilty-System-Logo-1.png","contentUrl":"https:\/\/nagix-ua.com\/wp-content\/uploads\/2024\/11\/NAGIX-Document-Accessibilty-System-Logo-1.png","width":1198,"height":370,"caption":"Nagix UA"},"image":{"@id":"https:\/\/nagix-ua.com\/de\/#\/schema\/logo\/image\/"}}]}},"_links":{"self":[{"href":"https:\/\/nagix-ua.com\/de\/wp-json\/wp\/v2\/pages\/560","targetHints":{"allow":["GET"]}}],"collection":[{"href":"https:\/\/nagix-ua.com\/de\/wp-json\/wp\/v2\/pages"}],"about":[{"href":"https:\/\/nagix-ua.com\/de\/wp-json\/wp\/v2\/types\/page"}],"author":[{"embeddable":true,"href":"https:\/\/nagix-ua.com\/de\/wp-json\/wp\/v2\/users\/1"}],"replies":[{"embeddable":true,"href":"https:\/\/nagix-ua.com\/de\/wp-json\/wp\/v2\/comments?post=560"}],"version-history":[{"count":9,"href":"https:\/\/nagix-ua.com\/de\/wp-json\/wp\/v2\/pages\/560\/revisions"}],"predecessor-version":[{"id":1343,"href":"https:\/\/nagix-ua.com\/de\/wp-json\/wp\/v2\/pages\/560\/revisions\/1343"}],"wp:attachment":[{"href":"https:\/\/nagix-ua.com\/de\/wp-json\/wp\/v2\/media?parent=560"}],"curies":[{"name":"wp","href":"https:\/\/api.w.org\/{rel}","templated":true}]}}