{"id":888,"date":"2024-11-25T11:14:30","date_gmt":"2024-11-25T11:14:30","guid":{"rendered":"https:\/\/nagix-ua.com\/about-consist\/"},"modified":"2025-06-27T12:42:24","modified_gmt":"2025-06-27T12:42:24","slug":"about-consist","status":"publish","type":"page","link":"https:\/\/nagix-ua.com\/es\/about-consist\/","title":{"rendered":"Acerca de Consist"},"content":{"rendered":"\t\t<div data-elementor-type=\"wp-page\" data-elementor-id=\"888\" class=\"elementor elementor-888 elementor-155\" data-elementor-post-type=\"page\">\n\t\t\t\t<div class=\"elementor-element elementor-element-185c4f6a e-con-full elementor-hidden-mobile e-flex e-con e-parent\" data-id=\"185c4f6a\" data-element_type=\"container\" data-e-type=\"container\" data-settings=\"{&quot;background_background&quot;:&quot;classic&quot;}\">\n\t\t<div class=\"elementor-element elementor-element-4bbd6d17 e-con-full e-flex e-con e-child\" data-id=\"4bbd6d17\" data-element_type=\"container\" data-e-type=\"container\">\n\t\t\t\t<\/div>\n\t\t\t\t<\/div>\n\t\t<div class=\"elementor-element elementor-element-187a1a3f e-con-full e-flex e-con e-parent\" data-id=\"187a1a3f\" data-element_type=\"container\" data-e-type=\"container\" data-settings=\"{&quot;background_background&quot;:&quot;classic&quot;}\">\n\t\t<div class=\"elementor-element elementor-element-fc8197b e-con-full e-flex e-con e-child\" data-id=\"fc8197b\" data-element_type=\"container\" data-e-type=\"container\">\n\t\t\t\t<div class=\"elementor-element elementor-element-186a3c1a elementor-widget elementor-widget-heading\" data-id=\"186a3c1a\" data-element_type=\"widget\" data-e-type=\"widget\" data-widget_type=\"heading.default\">\n\t\t\t\t<div class=\"elementor-widget-container\">\n\t\t\t\t\t<h1 class=\"elementor-heading-title elementor-size-default\">Acerca de Consist Software Solutions<\/h1>\t\t\t\t<\/div>\n\t\t\t\t<\/div>\n\t\t\t\t<\/div>\n\t\t\t\t<\/div>\n\t\t<div class=\"elementor-element elementor-element-1d6623dd e-flex e-con-boxed e-con e-parent\" data-id=\"1d6623dd\" data-element_type=\"container\" data-e-type=\"container\">\n\t\t\t\t\t<div class=\"e-con-inner\">\n\t\t<div class=\"elementor-element elementor-element-4e02276a e-con-full e-flex e-con e-child\" data-id=\"4e02276a\" data-element_type=\"container\" data-e-type=\"container\">\n\t\t\t\t<div class=\"elementor-element elementor-element-60e0510e elementor-widget elementor-widget-text-editor\" data-id=\"60e0510e\" data-element_type=\"widget\" data-e-type=\"widget\" data-widget_type=\"text-editor.default\">\n\t\t\t\t<div class=\"elementor-widget-container\">\n\t\t\t\t\t\t\t\t\t<p>Fundado en 1972, el Grupo Consist Software Solutions Worldwide es una empresa l\u00edder en tecnolog\u00eda de la informaci\u00f3n empresarial y software, con sede central en Nueva York y oficinas y centros de desarrollo en Israel, Alemania, Sudam\u00e9rica, M\u00e9xico, Espa\u00f1a y Estados Unidos. Consist cuenta con m\u00e1s de 1,000 empleados en todo el mundo y ofrece productos, servicios y soluciones a miles de clientes en decenas de pa\u00edses a nivel global.<\/p>\t\t\t\t\t\t\t\t<\/div>\n\t\t\t\t<\/div>\n\t\t\t\t<div class=\"elementor-element elementor-element-3689c11 elementor-widget elementor-widget-heading\" data-id=\"3689c11\" data-element_type=\"widget\" data-e-type=\"widget\" data-widget_type=\"heading.default\">\n\t\t\t\t<div class=\"elementor-widget-container\">\n\t\t\t\t\t<h2 class=\"elementor-heading-title elementor-size-default\">Consist ofrece soluciones basadas en software mediante tres m\u00e9todos\n<\/h2>\t\t\t\t<\/div>\n\t\t\t\t<\/div>\n\t\t\t\t<div class=\"elementor-element elementor-element-6077c108 elementor-widget elementor-widget-text-editor\" data-id=\"6077c108\" data-element_type=\"widget\" data-e-type=\"widget\" data-widget_type=\"text-editor.default\">\n\t\t\t\t<div class=\"elementor-widget-container\">\n\t\t\t\t\t\t\t\t\t<ul><li>Soluciones de software desarrolladas en los centros de desarrollo de Consist en todo el mundo, as\u00ed como soluciones desarrolladas por otros proveedores l\u00edderes de software que son representadas, implementadas y soportadas por Consist.<\/li><li>Soluciones de software desarrolladas espec\u00edficamente seg\u00fan los requisitos del cliente y ofrecidas como servicios de consultor\u00eda o proyectos a precio fijo.<\/li><li>Las \u00e1reas de software que abarca Consist incluyen sistemas fintech, sistemas de gesti\u00f3n de salidas (output management), sistemas de migraci\u00f3n de software, ERP, recursos humanos, inteligencia de negocios (BI), soluciones basadas en la web, soluciones para la gesti\u00f3n de centros de TI, sistemas de comunicaci\u00f3n omnicanal, sistemas ITSM y ESM (gesti\u00f3n empresarial), soluciones de firma digital y documentos digitales, soluciones de atenci\u00f3n virtual al cliente, protecci\u00f3n cibern\u00e9tica y soluciones de seguridad de datos, entre muchas otras.<\/li><\/ul><p><br role=\"presentation\" \/>Las soluciones y servicios del Grupo Consist Worldwide cubren toda la gama de tecnolog\u00edas de TI, manteniendo siempre su conocimiento actualizado con las innovaciones m\u00e1s avanzadas en computaci\u00f3n, entornos inform\u00e1ticos, lenguajes de programaci\u00f3n, tecnolog\u00edas de bases de datos, est\u00e1ndares y tendencias predominantes. La base de clientes de Consist en todo el mundo est\u00e1 compuesta por organizaciones l\u00edderes en cada pa\u00eds: organismos gubernamentales federales y estatales, municipios, empresas de telecomunicaciones, instituciones financieras, compa\u00f1\u00edas industriales y comerciales l\u00edderes, empresas de servicios p\u00fablicos y muchas m\u00e1s. Los sistemas de software y servicios proporcionados por Consist suelen ser cr\u00edticos para el negocio y se basan generalmente en alianzas estrat\u00e9gicas de largo plazo entre Consist y sus clientes.<\/p>\t\t\t\t\t\t\t\t<\/div>\n\t\t\t\t<\/div>\n\t\t\t\t<\/div>\n\t\t\t\t\t<\/div>\n\t\t\t\t<\/div>\n\t\t<div class=\"elementor-element elementor-element-a73e53c e-flex e-con-boxed e-con e-parent\" data-id=\"a73e53c\" data-element_type=\"container\" data-e-type=\"container\">\n\t\t\t\t\t<div class=\"e-con-inner\">\n\t\t<div class=\"elementor-element elementor-element-5e2390c8 e-con-full e-flex e-con e-child\" data-id=\"5e2390c8\" data-element_type=\"container\" data-e-type=\"container\">\n\t\t\t\t<div class=\"elementor-element elementor-element-66a1b1e6 elementor-widget elementor-widget-spacer\" data-id=\"66a1b1e6\" data-element_type=\"widget\" data-e-type=\"widget\" data-widget_type=\"spacer.default\">\n\t\t\t\t<div class=\"elementor-widget-container\">\n\t\t\t\t\t\t\t<div class=\"elementor-spacer\">\n\t\t\t<div class=\"elementor-spacer-inner\"><\/div>\n\t\t<\/div>\n\t\t\t\t\t\t<\/div>\n\t\t\t\t<\/div>\n\t\t\t\t<div class=\"elementor-element elementor-element-5d980971 elementor-widget elementor-widget-video\" data-id=\"5d980971\" data-element_type=\"widget\" data-e-type=\"widget\" data-settings=\"{&quot;youtube_url&quot;:&quot;https:\\\/\\\/www.youtube.com\\\/watch?v=9lIZ2Mp_fXg&quot;,&quot;autoplay&quot;:&quot;yes&quot;,&quot;video_type&quot;:&quot;youtube&quot;,&quot;controls&quot;:&quot;yes&quot;}\" data-widget_type=\"video.default\">\n\t\t\t\t<div class=\"elementor-widget-container\">\n\t\t\t\t\t\t\t<div class=\"elementor-wrapper elementor-open-inline\">\n\t\t\t<div class=\"elementor-video\"><\/div>\t\t<\/div>\n\t\t\t\t\t\t<\/div>\n\t\t\t\t<\/div>\n\t\t\t\t<\/div>\n\t\t\t\t\t<\/div>\n\t\t\t\t<\/div>\n\t\t<div class=\"elementor-element elementor-element-2df932f0 e-flex e-con-boxed e-con e-parent\" data-id=\"2df932f0\" data-element_type=\"container\" data-e-type=\"container\">\n\t\t\t\t\t<div class=\"e-con-inner\">\n\t\t<div class=\"elementor-element elementor-element-60a560b5 e-con-full e-flex e-con e-child\" data-id=\"60a560b5\" data-element_type=\"container\" data-e-type=\"container\" data-settings=\"{&quot;background_background&quot;:&quot;classic&quot;}\">\n\t\t\t\t<div class=\"elementor-element elementor-element-40024fe5 elementor-hidden-mobile elementor-widget elementor-widget-heading\" data-id=\"40024fe5\" data-element_type=\"widget\" data-e-type=\"widget\" data-widget_type=\"heading.default\">\n\t\t\t\t<div class=\"elementor-widget-container\">\n\t\t\t\t\t<h2 class=\"elementor-heading-title elementor-size-default\">Oficinas y centros de desarrollo de Consist en todo el mundo<\/h2>\t\t\t\t<\/div>\n\t\t\t\t<\/div>\n\t\t\t\t<div class=\"elementor-element elementor-element-3f27cb64 elementor-hidden-mobile elementor-widget elementor-widget-image\" data-id=\"3f27cb64\" data-element_type=\"widget\" data-e-type=\"widget\" data-widget_type=\"image.default\">\n\t\t\t\t<div class=\"elementor-widget-container\">\n\t\t\t\t\t\t\t\t\t\t\t\t\t\t\t<img fetchpriority=\"high\" decoding=\"async\" width=\"956\" height=\"528\" src=\"https:\/\/nagix-ua.com\/wp-content\/uploads\/2024\/11\/about-the-world-of-consist-1.jpg\" class=\"attachment-full size-full wp-image-157\" alt=\"\" srcset=\"https:\/\/nagix-ua.com\/wp-content\/uploads\/2024\/11\/about-the-world-of-consist-1.jpg 956w, https:\/\/nagix-ua.com\/wp-content\/uploads\/2024\/11\/about-the-world-of-consist-1-300x166.jpg 300w, https:\/\/nagix-ua.com\/wp-content\/uploads\/2024\/11\/about-the-world-of-consist-1-768x424.jpg 768w\" sizes=\"(max-width: 956px) 100vw, 956px\" \/>\t\t\t\t\t\t\t\t\t\t\t\t\t\t\t<\/div>\n\t\t\t\t<\/div>\n\t\t\t\t<\/div>\n\t\t\t\t\t<\/div>\n\t\t\t\t<\/div>\n\t\t\t\t<\/div>\n\t\t","protected":false},"excerpt":{"rendered":"<p>Acerca de Consist Software Solutions Fundado en 1972, el Grupo Consist Software Solutions Worldwide es una empresa l\u00edder en tecnolog\u00eda de la informaci\u00f3n empresarial y software, con sede central en Nueva York y oficinas y centros de desarrollo en Israel, Alemania, Sudam\u00e9rica, M\u00e9xico, Espa\u00f1a y Estados Unidos. Consist cuenta con m\u00e1s de 1,000 empleados en [&hellip;]<\/p>\n","protected":false},"author":1,"featured_media":0,"parent":0,"menu_order":0,"comment_status":"closed","ping_status":"closed","template":"elementor_header_footer","meta":{"_eb_attr":"","footnotes":""},"class_list":["post-888","page","type-page","status-publish","hentry"],"yoast_head":"<!-- This site is optimized with the Yoast SEO plugin v24.0 - https:\/\/yoast.com\/wordpress\/plugins\/seo\/ -->\n<title>Acerca de Consist - Nagix UA<\/title>\n<meta name=\"robots\" content=\"index, follow, max-snippet:-1, max-image-preview:large, max-video-preview:-1\" \/>\n<link rel=\"canonical\" href=\"https:\/\/nagix-ua.com\/es\/about-consist\/\" \/>\n<meta property=\"og:locale\" content=\"es_ES\" \/>\n<meta property=\"og:type\" content=\"article\" \/>\n<meta property=\"og:title\" content=\"Acerca de Consist - Nagix UA\" \/>\n<meta property=\"og:description\" content=\"Acerca de Consist Software Solutions Fundado en 1972, el Grupo Consist Software Solutions Worldwide es una empresa l\u00edder en tecnolog\u00eda de la informaci\u00f3n empresarial y software, con sede central en Nueva York y oficinas y centros de desarrollo en Israel, Alemania, Sudam\u00e9rica, M\u00e9xico, Espa\u00f1a y Estados Unidos. Consist cuenta con m\u00e1s de 1,000 empleados en [&hellip;]\" \/>\n<meta property=\"og:url\" content=\"https:\/\/nagix-ua.com\/es\/about-consist\/\" \/>\n<meta property=\"og:site_name\" content=\"Nagix UA\" \/>\n<meta property=\"article:modified_time\" content=\"2025-06-27T12:42:24+00:00\" \/>\n<meta property=\"og:image\" content=\"https:\/\/nagix-ua.com\/wp-content\/uploads\/2024\/11\/about-the-world-of-consist-1.jpg\" \/>\n\t<meta property=\"og:image:width\" content=\"956\" \/>\n\t<meta property=\"og:image:height\" content=\"528\" \/>\n\t<meta property=\"og:image:type\" content=\"image\/jpeg\" \/>\n<meta name=\"twitter:card\" content=\"summary_large_image\" \/>\n<meta name=\"twitter:label1\" content=\"Tiempo de lectura\" \/>\n\t<meta name=\"twitter:data1\" content=\"2 minutos\" \/>\n<script type=\"application\/ld+json\" class=\"yoast-schema-graph\">{\"@context\":\"https:\/\/schema.org\",\"@graph\":[{\"@type\":\"WebPage\",\"@id\":\"https:\/\/nagix-ua.com\/es\/about-consist\/\",\"url\":\"https:\/\/nagix-ua.com\/es\/about-consist\/\",\"name\":\"Acerca de Consist - Nagix UA\",\"isPartOf\":{\"@id\":\"https:\/\/nagix-ua.com\/es\/#website\"},\"primaryImageOfPage\":{\"@id\":\"https:\/\/nagix-ua.com\/es\/about-consist\/#primaryimage\"},\"image\":{\"@id\":\"https:\/\/nagix-ua.com\/es\/about-consist\/#primaryimage\"},\"thumbnailUrl\":\"https:\/\/nagix-ua.com\/wp-content\/uploads\/2024\/11\/about-the-world-of-consist-1.jpg\",\"datePublished\":\"2024-11-25T11:14:30+00:00\",\"dateModified\":\"2025-06-27T12:42:24+00:00\",\"breadcrumb\":{\"@id\":\"https:\/\/nagix-ua.com\/es\/about-consist\/#breadcrumb\"},\"inLanguage\":\"es\",\"potentialAction\":[{\"@type\":\"ReadAction\",\"target\":[\"https:\/\/nagix-ua.com\/es\/about-consist\/\"]}]},{\"@type\":\"ImageObject\",\"inLanguage\":\"es\",\"@id\":\"https:\/\/nagix-ua.com\/es\/about-consist\/#primaryimage\",\"url\":\"https:\/\/nagix-ua.com\/wp-content\/uploads\/2024\/11\/about-the-world-of-consist-1.jpg\",\"contentUrl\":\"https:\/\/nagix-ua.com\/wp-content\/uploads\/2024\/11\/about-the-world-of-consist-1.jpg\"},{\"@type\":\"BreadcrumbList\",\"@id\":\"https:\/\/nagix-ua.com\/es\/about-consist\/#breadcrumb\",\"itemListElement\":[{\"@type\":\"ListItem\",\"position\":1,\"name\":\"Home\",\"item\":\"https:\/\/nagix-ua.com\/es\/\"},{\"@type\":\"ListItem\",\"position\":2,\"name\":\"Acerca de Consist\"}]},{\"@type\":\"WebSite\",\"@id\":\"https:\/\/nagix-ua.com\/es\/#website\",\"url\":\"https:\/\/nagix-ua.com\/es\/\",\"name\":\"Nagix UA\",\"description\":\"\",\"publisher\":{\"@id\":\"https:\/\/nagix-ua.com\/es\/#organization\"},\"potentialAction\":[{\"@type\":\"SearchAction\",\"target\":{\"@type\":\"EntryPoint\",\"urlTemplate\":\"https:\/\/nagix-ua.com\/es\/?s={search_term_string}\"},\"query-input\":{\"@type\":\"PropertyValueSpecification\",\"valueRequired\":true,\"valueName\":\"search_term_string\"}}],\"inLanguage\":\"es\"},{\"@type\":\"Organization\",\"@id\":\"https:\/\/nagix-ua.com\/es\/#organization\",\"name\":\"Nagix UA\",\"url\":\"https:\/\/nagix-ua.com\/es\/\",\"logo\":{\"@type\":\"ImageObject\",\"inLanguage\":\"es\",\"@id\":\"https:\/\/nagix-ua.com\/es\/#\/schema\/logo\/image\/\",\"url\":\"https:\/\/nagix-ua.com\/wp-content\/uploads\/2024\/11\/NAGIX-Document-Accessibilty-System-Logo-1.png\",\"contentUrl\":\"https:\/\/nagix-ua.com\/wp-content\/uploads\/2024\/11\/NAGIX-Document-Accessibilty-System-Logo-1.png\",\"width\":1198,\"height\":370,\"caption\":\"Nagix UA\"},\"image\":{\"@id\":\"https:\/\/nagix-ua.com\/es\/#\/schema\/logo\/image\/\"}}]}<\/script>\n<!-- \/ Yoast SEO plugin. -->","yoast_head_json":{"title":"Acerca de Consist - Nagix UA","robots":{"index":"index","follow":"follow","max-snippet":"max-snippet:-1","max-image-preview":"max-image-preview:large","max-video-preview":"max-video-preview:-1"},"canonical":"https:\/\/nagix-ua.com\/es\/about-consist\/","og_locale":"es_ES","og_type":"article","og_title":"Acerca de Consist - Nagix UA","og_description":"Acerca de Consist Software Solutions Fundado en 1972, el Grupo Consist Software Solutions Worldwide es una empresa l\u00edder en tecnolog\u00eda de la informaci\u00f3n empresarial y software, con sede central en Nueva York y oficinas y centros de desarrollo en Israel, Alemania, Sudam\u00e9rica, M\u00e9xico, Espa\u00f1a y Estados Unidos. Consist cuenta con m\u00e1s de 1,000 empleados en [&hellip;]","og_url":"https:\/\/nagix-ua.com\/es\/about-consist\/","og_site_name":"Nagix UA","article_modified_time":"2025-06-27T12:42:24+00:00","og_image":[{"width":956,"height":528,"url":"https:\/\/nagix-ua.com\/wp-content\/uploads\/2024\/11\/about-the-world-of-consist-1.jpg","type":"image\/jpeg"}],"twitter_card":"summary_large_image","twitter_misc":{"Tiempo de lectura":"2 minutos"},"schema":{"@context":"https:\/\/schema.org","@graph":[{"@type":"WebPage","@id":"https:\/\/nagix-ua.com\/es\/about-consist\/","url":"https:\/\/nagix-ua.com\/es\/about-consist\/","name":"Acerca de Consist - Nagix UA","isPartOf":{"@id":"https:\/\/nagix-ua.com\/es\/#website"},"primaryImageOfPage":{"@id":"https:\/\/nagix-ua.com\/es\/about-consist\/#primaryimage"},"image":{"@id":"https:\/\/nagix-ua.com\/es\/about-consist\/#primaryimage"},"thumbnailUrl":"https:\/\/nagix-ua.com\/wp-content\/uploads\/2024\/11\/about-the-world-of-consist-1.jpg","datePublished":"2024-11-25T11:14:30+00:00","dateModified":"2025-06-27T12:42:24+00:00","breadcrumb":{"@id":"https:\/\/nagix-ua.com\/es\/about-consist\/#breadcrumb"},"inLanguage":"es","potentialAction":[{"@type":"ReadAction","target":["https:\/\/nagix-ua.com\/es\/about-consist\/"]}]},{"@type":"ImageObject","inLanguage":"es","@id":"https:\/\/nagix-ua.com\/es\/about-consist\/#primaryimage","url":"https:\/\/nagix-ua.com\/wp-content\/uploads\/2024\/11\/about-the-world-of-consist-1.jpg","contentUrl":"https:\/\/nagix-ua.com\/wp-content\/uploads\/2024\/11\/about-the-world-of-consist-1.jpg"},{"@type":"BreadcrumbList","@id":"https:\/\/nagix-ua.com\/es\/about-consist\/#breadcrumb","itemListElement":[{"@type":"ListItem","position":1,"name":"Home","item":"https:\/\/nagix-ua.com\/es\/"},{"@type":"ListItem","position":2,"name":"Acerca de Consist"}]},{"@type":"WebSite","@id":"https:\/\/nagix-ua.com\/es\/#website","url":"https:\/\/nagix-ua.com\/es\/","name":"Nagix UA","description":"","publisher":{"@id":"https:\/\/nagix-ua.com\/es\/#organization"},"potentialAction":[{"@type":"SearchAction","target":{"@type":"EntryPoint","urlTemplate":"https:\/\/nagix-ua.com\/es\/?s={search_term_string}"},"query-input":{"@type":"PropertyValueSpecification","valueRequired":true,"valueName":"search_term_string"}}],"inLanguage":"es"},{"@type":"Organization","@id":"https:\/\/nagix-ua.com\/es\/#organization","name":"Nagix UA","url":"https:\/\/nagix-ua.com\/es\/","logo":{"@type":"ImageObject","inLanguage":"es","@id":"https:\/\/nagix-ua.com\/es\/#\/schema\/logo\/image\/","url":"https:\/\/nagix-ua.com\/wp-content\/uploads\/2024\/11\/NAGIX-Document-Accessibilty-System-Logo-1.png","contentUrl":"https:\/\/nagix-ua.com\/wp-content\/uploads\/2024\/11\/NAGIX-Document-Accessibilty-System-Logo-1.png","width":1198,"height":370,"caption":"Nagix UA"},"image":{"@id":"https:\/\/nagix-ua.com\/es\/#\/schema\/logo\/image\/"}}]}},"_links":{"self":[{"href":"https:\/\/nagix-ua.com\/es\/wp-json\/wp\/v2\/pages\/888","targetHints":{"allow":["GET"]}}],"collection":[{"href":"https:\/\/nagix-ua.com\/es\/wp-json\/wp\/v2\/pages"}],"about":[{"href":"https:\/\/nagix-ua.com\/es\/wp-json\/wp\/v2\/types\/page"}],"author":[{"embeddable":true,"href":"https:\/\/nagix-ua.com\/es\/wp-json\/wp\/v2\/users\/1"}],"replies":[{"embeddable":true,"href":"https:\/\/nagix-ua.com\/es\/wp-json\/wp\/v2\/comments?post=888"}],"version-history":[{"count":7,"href":"https:\/\/nagix-ua.com\/es\/wp-json\/wp\/v2\/pages\/888\/revisions"}],"predecessor-version":[{"id":1346,"href":"https:\/\/nagix-ua.com\/es\/wp-json\/wp\/v2\/pages\/888\/revisions\/1346"}],"wp:attachment":[{"href":"https:\/\/nagix-ua.com\/es\/wp-json\/wp\/v2\/media?parent=888"}],"curies":[{"name":"wp","href":"https:\/\/api.w.org\/{rel}","templated":true}]}}