{"id":889,"date":"2024-11-25T11:14:30","date_gmt":"2024-11-25T11:14:30","guid":{"rendered":"https:\/\/nagix-ua.com\/contact-us\/"},"modified":"2025-06-27T12:45:22","modified_gmt":"2025-06-27T12:45:22","slug":"contact-us","status":"publish","type":"page","link":"https:\/\/nagix-ua.com\/es\/contact-us\/","title":{"rendered":"Cont\u00e1ctenos"},"content":{"rendered":"\t\t<div data-elementor-type=\"wp-page\" data-elementor-id=\"889\" class=\"elementor elementor-889 elementor-152\" data-elementor-post-type=\"page\">\n\t\t\t\t<div class=\"elementor-element elementor-element-16d5ca7d e-con-full e-flex e-con e-parent\" data-id=\"16d5ca7d\" data-element_type=\"container\" data-e-type=\"container\" data-settings=\"{&quot;background_background&quot;:&quot;classic&quot;}\">\n\t\t<div class=\"elementor-element elementor-element-75321236 e-con-full e-flex e-con e-child\" data-id=\"75321236\" data-element_type=\"container\" data-e-type=\"container\">\n\t\t\t\t<\/div>\n\t\t\t\t<\/div>\n\t\t<div class=\"elementor-element elementor-element-275a4088 e-flex e-con-boxed e-con e-parent\" data-id=\"275a4088\" data-element_type=\"container\" data-e-type=\"container\" data-settings=\"{&quot;background_background&quot;:&quot;classic&quot;}\">\n\t\t\t\t\t<div class=\"e-con-inner\">\n\t\t<div class=\"elementor-element elementor-element-4991efdb e-con-full e-flex e-con e-child\" data-id=\"4991efdb\" data-element_type=\"container\" data-e-type=\"container\">\n\t\t\t\t<div class=\"elementor-element elementor-element-26c2814d elementor-widget elementor-widget-heading\" data-id=\"26c2814d\" data-element_type=\"widget\" data-e-type=\"widget\" data-widget_type=\"heading.default\">\n\t\t\t\t<div class=\"elementor-widget-container\">\n\t\t\t\t\t<h1 class=\"elementor-heading-title elementor-size-default\">Cont\u00e1ctenos<\/h1>\t\t\t\t<\/div>\n\t\t\t\t<\/div>\n\t\t\t\t<\/div>\n\t\t\t\t\t<\/div>\n\t\t\t\t<\/div>\n\t\t<div class=\"elementor-element elementor-element-20896a91 e-flex e-con-boxed e-con e-parent\" data-id=\"20896a91\" data-element_type=\"container\" data-e-type=\"container\">\n\t\t\t\t\t<div class=\"e-con-inner\">\n\t\t<div class=\"elementor-element elementor-element-2bfcbc6 e-con-full e-flex e-con e-child\" data-id=\"2bfcbc6\" data-element_type=\"container\" data-e-type=\"container\">\n\t\t\t\t<div class=\"elementor-element elementor-element-12384e8e elementor-widget elementor-widget-heading\" data-id=\"12384e8e\" data-element_type=\"widget\" data-e-type=\"widget\" data-widget_type=\"heading.default\">\n\t\t\t\t<div class=\"elementor-widget-container\">\n\t\t\t\t\t<h6 class=\"elementor-heading-title elementor-size-default\"><a href=\"mailto:ofirg@consist.co.il\">Para m\u00e1s informaci\u00f3n sobre NAGIX, una soluci\u00f3n avanzada de documentos accesibles, por favor env\u00ede sus datos y un representante de Consist se pondr\u00e1 en contacto con usted lo antes posible. Tambi\u00e9n puede enviarnos un correo electr\u00f3nico a: ofirg@consist.co.il<\/a><\/h6>\t\t\t\t<\/div>\n\t\t\t\t<\/div>\n\t\t<div class=\"elementor-element elementor-element-61ae3426 e-con-full e-flex e-con e-child\" data-id=\"61ae3426\" data-element_type=\"container\" data-e-type=\"container\">\n\t\t<div class=\"elementor-element elementor-element-f302ce8 e-con-full e-flex e-con e-child\" data-id=\"f302ce8\" data-element_type=\"container\" data-e-type=\"container\">\n\t\t\t\t<div class=\"elementor-element elementor-element-7ffc76a8 elementor-widget elementor-widget-text-editor\" data-id=\"7ffc76a8\" data-element_type=\"widget\" data-e-type=\"widget\" data-widget_type=\"text-editor.default\">\n\t\t\t\t<div class=\"elementor-widget-container\">\n\t\t\t\t\t\t\t\t\t<p>Consist Systems &amp; Technologies \u2013 parte del grupo global Consist Software Solutions.<\/p>\t\t\t\t\t\t\t\t<\/div>\n\t\t\t\t<\/div>\n\t\t\t\t<\/div>\n\t\t<div class=\"elementor-element elementor-element-29d48f40 e-con-full e-flex e-con e-child\" data-id=\"29d48f40\" data-element_type=\"container\" data-e-type=\"container\">\n\t\t\t\t<div class=\"elementor-element elementor-element-41c88545 elementor-button-align-center elementor-widget elementor-widget-form\" data-id=\"41c88545\" data-element_type=\"widget\" data-e-type=\"widget\" data-settings=\"{&quot;step_next_label&quot;:&quot;\\u05d4\\u05d1\\u05d0&quot;,&quot;step_previous_label&quot;:&quot;\\u05d4\\u05e7\\u05d5\\u05d3\\u05dd&quot;,&quot;button_width&quot;:&quot;100&quot;,&quot;step_type&quot;:&quot;number_text&quot;,&quot;step_icon_shape&quot;:&quot;circle&quot;}\" data-widget_type=\"form.default\">\n\t\t\t\t<div class=\"elementor-widget-container\">\n\t\t\t\t\t\t\t<form class=\"elementor-form\" method=\"post\" name=\"Contact Us\">\n\t\t\t<input type=\"hidden\" name=\"post_id\" value=\"889\"\/>\n\t\t\t<input type=\"hidden\" name=\"form_id\" value=\"41c88545\"\/>\n\t\t\t<input type=\"hidden\" name=\"referer_title\" value=\"Nagix UA\" \/>\n\n\t\t\t\n\t\t\t<div class=\"elementor-form-fields-wrapper elementor-labels-\">\n\t\t\t\t\t\t\t\t<div class=\"elementor-field-type-text elementor-field-group elementor-column elementor-field-group-Fname elementor-col-100 elementor-field-required\">\n\t\t\t\t\t\t\t\t\t\t\t\t<label for=\"form-field-Fname\" class=\"elementor-field-label elementor-screen-only\">\n\t\t\t\t\t\t\t\tNombre completo\t\t\t\t\t\t\t<\/label>\n\t\t\t\t\t\t\t\t\t\t\t\t\t\t<input size=\"1\" type=\"text\" name=\"form_fields[Fname]\" id=\"form-field-Fname\" class=\"elementor-field elementor-size-sm  elementor-field-textual\" placeholder=\"Nombre completo\" required=\"required\" aria-required=\"true\">\n\t\t\t\t\t\t\t\t\t\t\t<\/div>\n\t\t\t\t\t\t\t\t<div class=\"elementor-field-type-text elementor-field-group elementor-column elementor-field-group-Company elementor-col-100 elementor-field-required\">\n\t\t\t\t\t\t\t\t\t\t\t\t<label for=\"form-field-Company\" class=\"elementor-field-label elementor-screen-only\">\n\t\t\t\t\t\t\t\tOrganizaci\u00f3n\t\t\t\t\t\t\t<\/label>\n\t\t\t\t\t\t\t\t\t\t\t\t\t\t<input size=\"1\" type=\"text\" name=\"form_fields[Company]\" id=\"form-field-Company\" class=\"elementor-field elementor-size-sm  elementor-field-textual\" placeholder=\"Organizaci\u00f3n\" required=\"required\" aria-required=\"true\">\n\t\t\t\t\t\t\t\t\t\t\t<\/div>\n\t\t\t\t\t\t\t\t<div class=\"elementor-field-type-text elementor-field-group elementor-column elementor-field-group-field_979557d elementor-col-100 elementor-field-required\">\n\t\t\t\t\t\t\t\t\t\t\t\t<label for=\"form-field-field_979557d\" class=\"elementor-field-label elementor-screen-only\">\n\t\t\t\t\t\t\t\tPa\u00eds\t\t\t\t\t\t\t<\/label>\n\t\t\t\t\t\t\t\t\t\t\t\t\t\t<input size=\"1\" type=\"text\" name=\"form_fields[field_979557d]\" id=\"form-field-field_979557d\" class=\"elementor-field elementor-size-sm  elementor-field-textual\" placeholder=\"Pa\u00eds\" required=\"required\" aria-required=\"true\">\n\t\t\t\t\t\t\t\t\t\t\t<\/div>\n\t\t\t\t\t\t\t\t<div class=\"elementor-field-type-email elementor-field-group elementor-column elementor-field-group-email elementor-col-100 elementor-field-required\">\n\t\t\t\t\t\t\t\t\t\t\t\t<label for=\"form-field-email\" class=\"elementor-field-label elementor-screen-only\">\n\t\t\t\t\t\t\t\tCorreo electr\u00f3nico\t\t\t\t\t\t\t<\/label>\n\t\t\t\t\t\t\t\t\t\t\t\t\t\t<input size=\"1\" type=\"email\" name=\"form_fields[email]\" id=\"form-field-email\" class=\"elementor-field elementor-size-sm  elementor-field-textual\" placeholder=\"Correo electr\u00f3nico\" required=\"required\" aria-required=\"true\">\n\t\t\t\t\t\t\t\t\t\t\t<\/div>\n\t\t\t\t\t\t\t\t<div class=\"elementor-field-type-text elementor-field-group elementor-column elementor-field-group-Phone elementor-col-100\">\n\t\t\t\t\t\t\t\t\t\t\t\t<label for=\"form-field-Phone\" class=\"elementor-field-label elementor-screen-only\">\n\t\t\t\t\t\t\t\tN\u00famero de tel\u00e9fono\t\t\t\t\t\t\t<\/label>\n\t\t\t\t\t\t\t\t\t\t\t\t\t\t<input size=\"1\" type=\"text\" name=\"form_fields[Phone]\" id=\"form-field-Phone\" class=\"elementor-field elementor-size-sm  elementor-field-textual\" placeholder=\"N\u00famero de tel\u00e9fono\">\n\t\t\t\t\t\t\t\t\t\t\t<\/div>\n\t\t\t\t\t\t\t\t<div class=\"elementor-field-type-textarea elementor-field-group elementor-column elementor-field-group-utm_content elementor-col-100\">\n\t\t\t\t\t\t\t\t\t\t\t\t<label for=\"form-field-utm_content\" class=\"elementor-field-label elementor-screen-only\">\n\t\t\t\t\t\t\t\tMensaje\t\t\t\t\t\t\t<\/label>\n\t\t\t\t\t\t<textarea class=\"elementor-field-textual elementor-field  elementor-size-sm\" name=\"form_fields[utm_content]\" id=\"form-field-utm_content\" rows=\"4\" placeholder=\"\u00bfEn qu\u00e9 soluci\u00f3n est\u00e1 interesado?\"><\/textarea>\t\t\t\t<\/div>\n\t\t\t\t\t\t\t\t<div class=\"elementor-field-type-acceptance elementor-field-group elementor-column elementor-field-group-field_4921f9c elementor-col-100 elementor-field-required\">\n\t\t\t\t\t\t\t<div class=\"elementor-field-subgroup\">\n\t\t\t<span class=\"elementor-field-option\">\n\t\t\t\t<input type=\"checkbox\" name=\"form_fields[field_4921f9c]\" id=\"form-field-field_4921f9c\" class=\"elementor-field elementor-size-sm  elementor-acceptance-field\" required=\"required\" aria-required=\"true\">\n\t\t\t\t<label for=\"form-field-field_4921f9c\">No soy un robot<\/label>\t\t\t<\/span>\n\t\t<\/div>\n\t\t\t\t\t\t<\/div>\n\t\t\t\t\t\t\t\t<div class=\"elementor-field-type-number elementor-field-group elementor-column elementor-field-group-field_f1634a2 elementor-col-100 elementor-field-required\">\n\t\t\t\t\t\t\t\t\t\t\t\t<label for=\"form-field-field_f1634a2\" class=\"elementor-field-label elementor-screen-only\">\n\t\t\t\t\t\t\t\t5 + 7 =\t\t\t\t\t\t\t<\/label>\n\t\t\t\t\t\t\t\t\t<input type=\"number\" name=\"form_fields[field_f1634a2]\" id=\"form-field-field_f1634a2\" class=\"elementor-field elementor-size-sm  elementor-field-textual\" placeholder=\"5 + 7 =\" required=\"required\" aria-required=\"true\" min=\"12\" max=\"12\" >\n\t\t\t\t\t\t<\/div>\n\t\t\t\t\t\t\t\t<div class=\"elementor-field-type-recaptcha elementor-field-group elementor-column elementor-field-group-field_b6dba04 elementor-col-100\">\n\t\t\t\t\t<div class=\"elementor-field\" id=\"form-field-field_b6dba04\"><div class=\"elementor-g-recaptcha\" data-sitekey=\"6Lf8STcqAAAAAJFFg0b0kk4uMzMpO4RQDlj6Lyqy\" data-type=\"v2_checkbox\" data-theme=\"light\" data-size=\"normal\"><\/div><\/div>\t\t\t\t<\/div>\n\t\t\t\t\t\t\t\t<div class=\"elementor-field-group elementor-column elementor-field-type-submit elementor-col-100 e-form__buttons\">\n\t\t\t\t\t<button class=\"elementor-button elementor-size-sm elementor-animation-grow\" type=\"submit\">\n\t\t\t\t\t\t<span class=\"elementor-button-content-wrapper\">\n\t\t\t\t\t\t\t\t\t\t\t\t\t\t\t\t\t\t\t\t\t\t<span class=\"elementor-button-text\">Enviar >><\/span>\n\t\t\t\t\t\t\t\t\t\t\t\t\t<\/span>\n\t\t\t\t\t<\/button>\n\t\t\t\t<\/div>\n\t\t\t<\/div>\n\t\t<\/form>\n\t\t\t\t\t\t<\/div>\n\t\t\t\t<\/div>\n\t\t\t\t<\/div>\n\t\t\t\t<\/div>\n\t\t\t\t<\/div>\n\t\t\t\t\t<\/div>\n\t\t\t\t<\/div>\n\t\t\t\t<\/div>\n\t\t","protected":false},"excerpt":{"rendered":"<p>Cont\u00e1ctenos Para m\u00e1s informaci\u00f3n sobre NAGIX, una soluci\u00f3n avanzada de documentos accesibles, por favor env\u00ede sus datos y un representante de Consist se pondr\u00e1 en contacto con usted lo antes posible. Tambi\u00e9n puede enviarnos un correo electr\u00f3nico a: ofirg@consist.co.il Consist Systems &amp; Technologies \u2013 parte del grupo global Consist Software Solutions.<\/p>\n","protected":false},"author":1,"featured_media":0,"parent":0,"menu_order":0,"comment_status":"closed","ping_status":"closed","template":"elementor_header_footer","meta":{"_eb_attr":"","footnotes":""},"class_list":["post-889","page","type-page","status-publish","hentry"],"yoast_head":"<!-- This site is optimized with the Yoast SEO plugin v24.0 - https:\/\/yoast.com\/wordpress\/plugins\/seo\/ -->\n<title>Cont\u00e1ctenos - Nagix UA<\/title>\n<meta name=\"robots\" content=\"index, follow, max-snippet:-1, max-image-preview:large, max-video-preview:-1\" \/>\n<link rel=\"canonical\" href=\"https:\/\/nagix-ua.com\/es\/contact-us\/\" \/>\n<meta property=\"og:locale\" content=\"es_ES\" \/>\n<meta property=\"og:type\" content=\"article\" \/>\n<meta property=\"og:title\" content=\"Cont\u00e1ctenos - Nagix UA\" \/>\n<meta property=\"og:description\" content=\"Cont\u00e1ctenos Para m\u00e1s informaci\u00f3n sobre NAGIX, una soluci\u00f3n avanzada de documentos accesibles, por favor env\u00ede sus datos y un representante de Consist se pondr\u00e1 en contacto con usted lo antes posible. Tambi\u00e9n puede enviarnos un correo electr\u00f3nico a: ofirg@consist.co.il Consist Systems &amp; Technologies \u2013 parte del grupo global Consist Software Solutions.\" \/>\n<meta property=\"og:url\" content=\"https:\/\/nagix-ua.com\/es\/contact-us\/\" \/>\n<meta property=\"og:site_name\" content=\"Nagix UA\" \/>\n<meta property=\"article:modified_time\" content=\"2025-06-27T12:45:22+00:00\" \/>\n<meta name=\"twitter:card\" content=\"summary_large_image\" \/>\n<meta name=\"twitter:label1\" content=\"Tiempo de lectura\" \/>\n\t<meta name=\"twitter:data1\" content=\"1 minuto\" \/>\n<script type=\"application\/ld+json\" class=\"yoast-schema-graph\">{\"@context\":\"https:\/\/schema.org\",\"@graph\":[{\"@type\":\"WebPage\",\"@id\":\"https:\/\/nagix-ua.com\/es\/contact-us\/\",\"url\":\"https:\/\/nagix-ua.com\/es\/contact-us\/\",\"name\":\"Cont\u00e1ctenos - Nagix UA\",\"isPartOf\":{\"@id\":\"https:\/\/nagix-ua.com\/es\/#website\"},\"datePublished\":\"2024-11-25T11:14:30+00:00\",\"dateModified\":\"2025-06-27T12:45:22+00:00\",\"breadcrumb\":{\"@id\":\"https:\/\/nagix-ua.com\/es\/contact-us\/#breadcrumb\"},\"inLanguage\":\"es\",\"potentialAction\":[{\"@type\":\"ReadAction\",\"target\":[\"https:\/\/nagix-ua.com\/es\/contact-us\/\"]}]},{\"@type\":\"BreadcrumbList\",\"@id\":\"https:\/\/nagix-ua.com\/es\/contact-us\/#breadcrumb\",\"itemListElement\":[{\"@type\":\"ListItem\",\"position\":1,\"name\":\"Home\",\"item\":\"https:\/\/nagix-ua.com\/es\/\"},{\"@type\":\"ListItem\",\"position\":2,\"name\":\"Cont\u00e1ctenos\"}]},{\"@type\":\"WebSite\",\"@id\":\"https:\/\/nagix-ua.com\/es\/#website\",\"url\":\"https:\/\/nagix-ua.com\/es\/\",\"name\":\"Nagix UA\",\"description\":\"\",\"publisher\":{\"@id\":\"https:\/\/nagix-ua.com\/es\/#organization\"},\"potentialAction\":[{\"@type\":\"SearchAction\",\"target\":{\"@type\":\"EntryPoint\",\"urlTemplate\":\"https:\/\/nagix-ua.com\/es\/?s={search_term_string}\"},\"query-input\":{\"@type\":\"PropertyValueSpecification\",\"valueRequired\":true,\"valueName\":\"search_term_string\"}}],\"inLanguage\":\"es\"},{\"@type\":\"Organization\",\"@id\":\"https:\/\/nagix-ua.com\/es\/#organization\",\"name\":\"Nagix UA\",\"url\":\"https:\/\/nagix-ua.com\/es\/\",\"logo\":{\"@type\":\"ImageObject\",\"inLanguage\":\"es\",\"@id\":\"https:\/\/nagix-ua.com\/es\/#\/schema\/logo\/image\/\",\"url\":\"https:\/\/nagix-ua.com\/wp-content\/uploads\/2024\/11\/NAGIX-Document-Accessibilty-System-Logo-1.png\",\"contentUrl\":\"https:\/\/nagix-ua.com\/wp-content\/uploads\/2024\/11\/NAGIX-Document-Accessibilty-System-Logo-1.png\",\"width\":1198,\"height\":370,\"caption\":\"Nagix UA\"},\"image\":{\"@id\":\"https:\/\/nagix-ua.com\/es\/#\/schema\/logo\/image\/\"}}]}<\/script>\n<!-- \/ Yoast SEO plugin. -->","yoast_head_json":{"title":"Cont\u00e1ctenos - Nagix UA","robots":{"index":"index","follow":"follow","max-snippet":"max-snippet:-1","max-image-preview":"max-image-preview:large","max-video-preview":"max-video-preview:-1"},"canonical":"https:\/\/nagix-ua.com\/es\/contact-us\/","og_locale":"es_ES","og_type":"article","og_title":"Cont\u00e1ctenos - Nagix UA","og_description":"Cont\u00e1ctenos Para m\u00e1s informaci\u00f3n sobre NAGIX, una soluci\u00f3n avanzada de documentos accesibles, por favor env\u00ede sus datos y un representante de Consist se pondr\u00e1 en contacto con usted lo antes posible. Tambi\u00e9n puede enviarnos un correo electr\u00f3nico a: ofirg@consist.co.il Consist Systems &amp; Technologies \u2013 parte del grupo global Consist Software Solutions.","og_url":"https:\/\/nagix-ua.com\/es\/contact-us\/","og_site_name":"Nagix UA","article_modified_time":"2025-06-27T12:45:22+00:00","twitter_card":"summary_large_image","twitter_misc":{"Tiempo de lectura":"1 minuto"},"schema":{"@context":"https:\/\/schema.org","@graph":[{"@type":"WebPage","@id":"https:\/\/nagix-ua.com\/es\/contact-us\/","url":"https:\/\/nagix-ua.com\/es\/contact-us\/","name":"Cont\u00e1ctenos - Nagix UA","isPartOf":{"@id":"https:\/\/nagix-ua.com\/es\/#website"},"datePublished":"2024-11-25T11:14:30+00:00","dateModified":"2025-06-27T12:45:22+00:00","breadcrumb":{"@id":"https:\/\/nagix-ua.com\/es\/contact-us\/#breadcrumb"},"inLanguage":"es","potentialAction":[{"@type":"ReadAction","target":["https:\/\/nagix-ua.com\/es\/contact-us\/"]}]},{"@type":"BreadcrumbList","@id":"https:\/\/nagix-ua.com\/es\/contact-us\/#breadcrumb","itemListElement":[{"@type":"ListItem","position":1,"name":"Home","item":"https:\/\/nagix-ua.com\/es\/"},{"@type":"ListItem","position":2,"name":"Cont\u00e1ctenos"}]},{"@type":"WebSite","@id":"https:\/\/nagix-ua.com\/es\/#website","url":"https:\/\/nagix-ua.com\/es\/","name":"Nagix UA","description":"","publisher":{"@id":"https:\/\/nagix-ua.com\/es\/#organization"},"potentialAction":[{"@type":"SearchAction","target":{"@type":"EntryPoint","urlTemplate":"https:\/\/nagix-ua.com\/es\/?s={search_term_string}"},"query-input":{"@type":"PropertyValueSpecification","valueRequired":true,"valueName":"search_term_string"}}],"inLanguage":"es"},{"@type":"Organization","@id":"https:\/\/nagix-ua.com\/es\/#organization","name":"Nagix UA","url":"https:\/\/nagix-ua.com\/es\/","logo":{"@type":"ImageObject","inLanguage":"es","@id":"https:\/\/nagix-ua.com\/es\/#\/schema\/logo\/image\/","url":"https:\/\/nagix-ua.com\/wp-content\/uploads\/2024\/11\/NAGIX-Document-Accessibilty-System-Logo-1.png","contentUrl":"https:\/\/nagix-ua.com\/wp-content\/uploads\/2024\/11\/NAGIX-Document-Accessibilty-System-Logo-1.png","width":1198,"height":370,"caption":"Nagix UA"},"image":{"@id":"https:\/\/nagix-ua.com\/es\/#\/schema\/logo\/image\/"}}]}},"_links":{"self":[{"href":"https:\/\/nagix-ua.com\/es\/wp-json\/wp\/v2\/pages\/889","targetHints":{"allow":["GET"]}}],"collection":[{"href":"https:\/\/nagix-ua.com\/es\/wp-json\/wp\/v2\/pages"}],"about":[{"href":"https:\/\/nagix-ua.com\/es\/wp-json\/wp\/v2\/types\/page"}],"author":[{"embeddable":true,"href":"https:\/\/nagix-ua.com\/es\/wp-json\/wp\/v2\/users\/1"}],"replies":[{"embeddable":true,"href":"https:\/\/nagix-ua.com\/es\/wp-json\/wp\/v2\/comments?post=889"}],"version-history":[{"count":10,"href":"https:\/\/nagix-ua.com\/es\/wp-json\/wp\/v2\/pages\/889\/revisions"}],"predecessor-version":[{"id":1353,"href":"https:\/\/nagix-ua.com\/es\/wp-json\/wp\/v2\/pages\/889\/revisions\/1353"}],"wp:attachment":[{"href":"https:\/\/nagix-ua.com\/es\/wp-json\/wp\/v2\/media?parent=889"}],"curies":[{"name":"wp","href":"https:\/\/api.w.org\/{rel}","templated":true}]}}