{"id":930,"date":"2025-04-21T10:27:36","date_gmt":"2025-04-21T10:27:36","guid":{"rendered":"https:\/\/nagix-ua.com\/cookie-policy\/"},"modified":"2025-06-26T08:39:20","modified_gmt":"2025-06-26T08:39:20","slug":"cookie-policy","status":"publish","type":"page","link":"https:\/\/nagix-ua.com\/es\/cookie-policy\/","title":{"rendered":"Pol\u00edtica de cookies"},"content":{"rendered":"\t\t<div data-elementor-type=\"wp-page\" data-elementor-id=\"930\" class=\"elementor elementor-930 elementor-784\" data-elementor-post-type=\"page\">\n\t\t\t\t<div class=\"elementor-element elementor-element-2bf70ff e-flex e-con-boxed e-con e-parent\" data-id=\"2bf70ff\" data-element_type=\"container\" data-e-type=\"container\">\n\t\t\t\t\t<div class=\"e-con-inner\">\n\t\t\t\t<div class=\"elementor-element elementor-element-df3f3be elementor-widget elementor-widget-text-editor\" data-id=\"df3f3be\" data-element_type=\"widget\" data-e-type=\"widget\" data-widget_type=\"text-editor.default\">\n\t\t\t\t<div class=\"elementor-widget-container\">\n\t\t\t\t\t\t\t\t\t<h1>Pol\u00edtica de cookies del Grupo Consist<\/h1>\n<em>Todos los t\u00e9rminos no definidos aqu\u00ed tendr\u00e1n el significado que se les atribuye en nuestros T\u00e9rminos de Uso o Pol\u00edtica de Privacidad.<\/em>\n\nSobre nosotros\n\nEste sitio web <a href=\"http:\/\/www.consist.co.il\">www.consist.co.il<\/a>, incluyendo sus subdominios relacionados (el \u00abSitio Web\u00bb), es operado por Consist (Israel) Software and Computer Solutions Ltd., Consist Systems Ltd. y Consist Technologies Ltd., empresas afiliadas incorporadas en el Estado de Israel y con oficina registrada en 2 Granit, Petah Tikva, Israel.\n\nEn esta Pol\u00edtica de Cookies, cuando nos referimos a \u00abConsist\u00bb, \u00abnuestro\u00bb, \u00abnosotros\u00bb o \u00abnos\u00bb, nos referimos a cualquiera de las empresas del grupo Consist, las cuales se denominan colectivamente como el \u00abGrupo Consist\u00bb.\n\nNuestro sitio web utiliza cookies. Una cookie es un peque\u00f1o archivo de texto que puede almacenarse en su ordenador o cualquier otro dispositivo cuando visita sitios web. Si esas cookies no son estrictamente necesarias para la provisi\u00f3n de nuestro sitio web y servicios, le solicitaremos su consentimiento antes de usarlas la primera vez que visite nuestro sitio. Usted tiene derecho a decidir si acepta o rechaza dichas cookies. Puede cambiar sus preferencias de cookies en cualquier momento haciendo clic en el banner de cookies que aparece en la parte inferior del sitio web.\n\n\u00bfQu\u00e9 es una cookie?\n\nLa informaci\u00f3n se guarda en este archivo de texto, como su elecci\u00f3n de idioma en un sitio web. Cuando vuelve a visitar el sitio, esta cookie regresa al sitio correspondiente. De esta manera, el sitio reconoce su navegador y puede, por ejemplo, recordar su elecci\u00f3n de idioma.\n\nLas cookies generalmente tambi\u00e9n tienen una fecha de expiraci\u00f3n. Por ejemplo, algunas cookies se eliminan autom\u00e1ticamente cuando cierra su navegador (cookies de sesi\u00f3n), mientras que otras pueden almacenarse durante m\u00e1s tiempo en su dispositivo, a veces hasta que las elimine manualmente (cookies permanentes o persistentes).\n\nUtilizamos tanto cookies propias como cookies de terceros \u2014 que son cookies de un dominio diferente al dominio del sitio que est\u00e1 visitando.\n\nCookies que usamos\n\nUtilizamos diferentes tipos de cookies en este sitio web:\n\n(a) <u>Cookies esenciales<\/u>. Utilizamos cookies esenciales para autenticar a los usuarios, prevenir el uso fraudulento del sitio y para que el sitio y sus funciones funcionen correctamente; y\n\n(b) <u>Cookies de an\u00e1lisis<\/u> (opcionales). Nuestros proveedores de an\u00e1lisis usan cookies como parte de sus herramientas. Las cookies de an\u00e1lisis nos permiten a nosotros y a los proveedores reconocer y contar el n\u00famero de usuarios, ver c\u00f3mo interact\u00faan con el sitio y sus funciones, y cu\u00e1ndo lo usan. Usamos esta informaci\u00f3n para mejorar el sitio.\n\n(c) <u>Cookies de marketing<\/u> (opcionales). Terceros usan cookies para construir un perfil de sus intereses y mostrarle contenido y anuncios relevantes en otros sitios. Las cookies de marketing se basan en su navegador y dispositivo \u00fanicos. Si no permite estas cookies, ver\u00e1 menos publicidad dirigida.\n\n(d) <u>Cookies de reproductor de video<\/u> (opcionales). Nuestro sitio contiene contenido de video. Si habilita esta opci\u00f3n, la plataforma de video puede recopilar informaci\u00f3n sobre su visualizaci\u00f3n para fines de an\u00e1lisis y publicidad. Si no la habilita, no podr\u00e1 ver el contenido de video.\n\nLISTA DE COOKIES ESENCIALES\n\nNo puede bloquear estas cookies si desea acceder a este sitio web.\n\n<table width=\"650\"> <tbody> <tr> <td width=\"168\">Nombre<\/td> <td width=\"108\">Expiraci\u00f3n<\/td> <td width=\"176\">Descripci\u00f3n<\/td> <td width=\"87\">Tipo<\/td> <td width=\"110\">Sitio web espec\u00edfico<\/td> <\/tr> <tr> <td>ASP.NET_SessionId<\/td> <td>Al final de la sesi\u00f3n<\/td> <td>Esta cookie se usa en sitios desarrollados con Microsoft.Net. Cuando un usuario comienza a navegar, se crea un ID de sesi\u00f3n \u00fanico que registra toda la informaci\u00f3n de esa sesi\u00f3n. Esta informaci\u00f3n se almacena en el servidor web y se identifica mediante un GUID. El GUID es esencial para que cualquier sitio ASP.NET funcione correctamente.<\/td> <td>Tercero<\/td> <td>Consist.co.il<\/td> <\/tr> <tr> <td>__cfduid<\/td> <td>Usada hasta 30 d\u00edas<\/td> <td>La cookie es usada por servicios CDN como Cloudflare para identificar clientes individuales detr\u00e1s de una IP compartida y aplicar configuraciones de seguridad por cliente. No corresponde a ning\u00fan ID de usuario ni almacena informaci\u00f3n personal identificable.<\/td> <td>Propia<\/td> <td>doxi.co.il, nagix-ua.com<\/td> <\/tr> <tr> <td>_requestverificationtoken<\/td> <td>Al final de la sesi\u00f3n<\/td> <td>Esta cookie es un token anti-falsificaci\u00f3n (previene ataques CSRF). Garantiza que quien env\u00eda un formulario es quien lo debe hacer y previene que otros forjen enlaces activados por usuarios autorizados. Creada por el framework.<\/td> <td>Propia<\/td> <td>doxi.co.il<\/td> <\/tr> <tr> <td>cc_direct_phone_number<\/td> <td>1 d\u00eda a 2 a\u00f1os<\/td> <td>Esta cookie est\u00e1 asociada a <strong>CookieConsent<\/strong>, plataforma que ayuda a gestionar el consentimiento de cookies y tecnolog\u00edas de seguimiento. Esta cookie almacena preferencias sobre el consentimiento de n\u00famero telef\u00f3nico directo del usuario.<\/td> <td>Propia<\/td> <td>sendix.co.il<\/td> <\/tr> <tr> <td>visitor_privacy_metadata<\/td> <td>6 meses<\/td> <td>Establecida por <strong>YouTube<\/strong> para gestionar y almacenar preferencias de privacidad del usuario al interactuar con videos incrustados. Garantiza que se respeten las elecciones de consentimiento sobre la recolecci\u00f3n de datos y privacidad.<\/td> <td>Tercero<\/td> <td>doxi.co.il, nagix-ua.com<\/td> <\/tr> <\/tbody> <\/table>\nLIST OF Functional COOKIES\n<table width=\"650\">\n<tbody>\n<tr>\n<td colspan=\"2\" width=\"164\">Name<\/td>\n<td width=\"89\">Expiry<\/td>\n<td width=\"236\">Description<\/td>\n<td width=\"48\">Type<\/td>\n<td width=\"113\">Specific Website<\/td>\n<\/tr>\n<tr>\n<td width=\"163\">NID<\/td>\n<td colspan=\"2\" width=\"89\">6 months from the user&#8217;s last use<\/td>\n<td width=\"236\">Used by Google to remember user preferences and other information, such as preferred language and SafeSearch settings<\/td>\n<td width=\"48\">Third party<\/td>\n<td width=\"113\">doxi.co.il\n\nsendix.co.il\n\n&nbsp;<\/td>\n<\/tr>\n<tr>\n<td width=\"163\"><\/td>\n<td width=\"0\"><\/td>\n<td width=\"89\"><\/td>\n<td width=\"236\"><\/td>\n<td width=\"48\"><\/td>\n<td width=\"113\"><\/td>\n<\/tr>\n<\/tbody>\n<\/table>\nLISTA DE COOKIES FUNCIONALES\n\nPuedes rechazar estas cookies si deseas visitar nuestro sitio web.\n<table width=\"650\">\n<tbody>\n<tr>\n<td width=\"158\"><strong>Nombre<\/strong><\/td>\n<td width=\"95\"><strong>Expiraci\u00f3n<\/strong><\/td>\n<td width=\"227\"><strong>Descripci\u00f3n<\/strong><\/td>\n<td width=\"57\"><strong>Tipo<\/strong><\/td>\n<td width=\"113\"><strong>Sitio Web Espec\u00edfico<\/strong><\/td>\n<\/tr>\n<tr>\n<td>__utma<\/td>\n<td>2 a\u00f1os desde la \u00faltima visita<\/td>\n<td>Esta cookie es establecida por Google Analytics y se utiliza para distinguir usuarios y sesiones. Se crea cuando se ejecuta la biblioteca JavaScript y no existen cookies __utma. Se actualiza cada vez que se env\u00edan datos a Google Analytics.<\/td>\n<td>Propia<\/td>\n<td>Consist.co.il<\/td>\n<\/tr>\n<tr>\n<td>__utmc<\/td>\n<td>Al finalizar la sesi\u00f3n<\/td>\n<td>Establecida por Google Analytics y eliminada al cerrar el navegador. No se utiliza con ga.js. Se usa para interoperabilidad con urchin.js (versi\u00f3n antigua de Google Analytics) junto con la cookie __utmb para determinar nuevas sesiones\/visitas.<\/td>\n<td>Propia<\/td>\n<td>Consist.co.il<\/td>\n<\/tr>\n<tr>\n<td>__utmz<\/td>\n<td>6 meses<\/td>\n<td>Establecida por Google Analytics para almacenar la fuente de tr\u00e1fico o campa\u00f1a que llev\u00f3 al usuario al sitio.<\/td>\n<td>Propia<\/td>\n<td>Consist.co.il<\/td>\n<\/tr>\n<tr>\n<td>__utmt<\/td>\n<td>10 minutos<\/td>\n<td>Establecida por Google Analytics para limitar la tasa de solicitudes.<\/td>\n<td>Propia<\/td>\n<td>Consist.co.il<\/td>\n<\/tr>\n<tr>\n<td>__utmb<\/td>\n<td>30 minutos desde la \u00faltima interacci\u00f3n<\/td>\n<td>Usada por Google Analytics para determinar nuevas sesiones\/visitas. Se crea cuando se ejecuta la biblioteca JavaScript y no existen cookies __utma. Se actualiza cada vez que se env\u00edan datos a Google Analytics.<\/td>\n<td>Propia<\/td>\n<td>Consist.co.il<\/td>\n<\/tr>\n<tr>\n<td>_gid<\/td>\n<td>1 d\u00eda<\/td>\n<td>Instalada por Google Analytics, almacena informaci\u00f3n sobre c\u00f3mo los visitantes usan el sitio web y genera informes anal\u00edticos.<\/td>\n<td>Propia<\/td>\n<td>doxi.co.il<\/td>\n<\/tr>\n<tr>\n<td>ga<\/td>\n<td>2 a\u00f1os<\/td>\n<td>Utilizada por Google Analytics para mantener el estado de la sesi\u00f3n.<\/td>\n<td>Propia<\/td>\n<td>doxi.co.il, sendix.co.il<\/td>\n<\/tr>\n<tr>\n<td><em>ga<\/em>#<\/td>\n<td>2 a\u00f1os<\/td>\n<td>Utilizada por Google Analytics para mantener el estado de la sesi\u00f3n.<\/td>\n<td>Propia<\/td>\n<td>doxi.co.il, sendix.co.il<\/td>\n<\/tr>\n<tr>\n<td>cc_fbq_time<\/td>\n<td>1 d\u00eda a 2 a\u00f1os<\/td>\n<td>Asociada con <strong>CookieConsent<\/strong>, almacena la marca de tiempo de cuando se inicializ\u00f3 o activ\u00f3 Facebook Pixel (fbq).<\/td>\n<td>Propia<\/td>\n<td>doxi.co.il<\/td>\n<\/tr>\n<tr>\n<td>cc_ga4_cid<\/td>\n<td>Sesi\u00f3n<\/td>\n<td>Asociada con <strong>Google Analytics 4 (GA4)<\/strong>, almacena el <strong>ID del cliente<\/strong> (cid), un identificador \u00fanico por usuario.<\/td>\n<td>Propia<\/td>\n<td>doxi.co.il<\/td>\n<\/tr>\n<tr>\n<td>cc_cid<\/td>\n<td>2 a\u00f1os<\/td>\n<td>Asociada con <strong>CookieConsent<\/strong>, almacena el <strong>ID del cliente<\/strong> (cid) para rastrear interacciones entre sesiones.<\/td>\n<td>Propia<\/td>\n<td>doxi.co.il<\/td>\n<\/tr>\n<tr>\n<td>client_id<\/td>\n<td>2 a\u00f1os<\/td>\n<td>Identificador \u00fanico asignado por <strong>Google Analytics<\/strong> para rastrear interacciones individuales.<\/td>\n<td>Propia<\/td>\n<td>doxi.co.il<\/td>\n<\/tr>\n<tr>\n<td>lastExternalReferrer<\/td>\n<td>Sesi\u00f3n<\/td>\n<td>Almacena la URL del sitio web que refiri\u00f3 al usuario. Se usa para fines anal\u00edticos y seguimiento de fuentes de tr\u00e1fico.<\/td>\n<td>Terceros<\/td>\n<td>doxi.co.il, sendix.co.il<\/td>\n<\/tr>\n<\/tbody>\n<\/table>\n\nLISTA DE COOKIES DE MARKETING\n<table width=\"650\">\n<tbody>\n<tr>\n<td width=\"163\">Nombre<\/td>\n<td width=\"90\">Caducidad<\/td>\n<td width=\"189\">Descripci\u00f3n<\/td>\n<td width=\"94\">Tipo<\/td>\n<td width=\"113\">Sitio web espec\u00edfico<\/td>\n<\/tr>\n<tr>\n<td width=\"163\">_fbp<\/td>\n<td width=\"90\">3 meses<\/td>\n<td width=\"189\">Establecido por Facebook para mostrar anuncios en Facebook o en una plataforma digital impulsada por la publicidad de Facebook despu\u00e9s de visitar el sitio web<\/td>\n<td width=\"94\">Terceros<\/td>\n<td width=\"113\">doxi.co.il<\/td>\n<\/tr>\n<tr>\n<td width=\"163\">lastExternalReferrerTime<\/td>\n<td width=\"90\">Persistente; permanece en el dispositivo del usuario hasta que se elimina<\/td>\n<td width=\"189\">La cookie se utiliza para detectar c\u00f3mo lleg\u00f3 un usuario a un sitio web registrando la \u00faltima URL externa que visit\u00f3 antes de llegar al sitio<\/td>\n<td width=\"94\">Terceros<\/td>\n<td width=\"113\">doxi.co.il sendix.co.il<\/td>\n<\/tr>\n<tr>\n<td width=\"163\">test_cookie<\/td>\n<td width=\"90\">15 minutos<\/td>\n<td width=\"189\">Establecido por doubleclick.net para determinar si el navegador del usuario admite cookies<\/td>\n<td width=\"94\">Terceros<\/td>\n<td width=\"113\">doxi.co.il<\/td>\n<\/tr>\n<tr>\n<td width=\"163\">cc_ga4_cid<\/td>\n<td width=\"90\">1 d\u00eda a 2 a\u00f1os<\/td>\n<td width=\"189\">La cookie cc_ga4_cid est\u00e1 asociada con <strong>Google Analytics 4 (GA4)<\/strong> y se usa para almacenar el <strong>ID de cliente<\/strong> (cid). El ID de cliente es un identificador \u00fanico asignado a cada usuario para rastrear sus interacciones entre sesiones en un sitio web.<\/td>\n<td width=\"94\">Primera parte<\/td>\n<td width=\"113\">doxi.co.il<\/td>\n<\/tr>\n<tr>\n<td width=\"163\">test_cookie<\/td>\n<td width=\"90\">15 minutos<\/td>\n<td width=\"189\">Usada por la <strong>plataforma publicitaria DoubleClick de Google<\/strong> para determinar si las cookies est\u00e1n habilitadas en el navegador de un usuario.<\/td>\n<td width=\"94\">Terceros<\/td>\n<td width=\"113\">doxi.co.il<\/td>\n<\/tr>\n<tr>\n<td width=\"163\">cc_fbq_account<\/td>\n<td width=\"90\">7 d\u00edas<\/td>\n<td width=\"189\">La cookie cc_fbq_account est\u00e1 asociada con <strong>CookieConsent<\/strong>, una plataforma que ayuda a los sitios web a gestionar el consentimiento del usuario para cookies y tecnolog\u00edas de seguimiento. Esta cookie espec\u00edfica se usa para almacenar informaci\u00f3n relacionada con la cuenta del <strong>Facebook Pixel<\/strong> (fbq), facilitando la integraci\u00f3n de los servicios de seguimiento y publicidad de Facebook en el sitio web.<\/td>\n<td width=\"94\">Primera parte<\/td>\n<td width=\"113\">doxi.co.il<\/td>\n<\/tr>\n<\/tbody>\n<\/table>\n\nLISTA DE COOKIES DEL REPRODUCTOR DE VIDEO (opcional)\n\nReproductor incrustado de YouTube\n<table>\n<tbody>\n<tr>\n<td width=\"193\">Nombre<\/td>\n<td width=\"70\">Caducidad<\/td>\n<td width=\"189\">Descripci\u00f3n<\/td>\n<td width=\"60\">Tipo<\/td>\n<td width=\"107\">Sitio web espec\u00edfico<\/td>\n<\/tr>\n<tr>\n<td width=\"193\">visitor_privacy_metadata<\/td>\n<td width=\"70\">6 meses<\/td>\n<td width=\"189\">Establecida por <strong>YouTube<\/strong> para gestionar y almacenar las preferencias de privacidad del usuario al interactuar con videos incrustados de YouTube en sitios web. Esta cookie garantiza que se respeten las elecciones de consentimiento del usuario respecto a la recopilaci\u00f3n de datos y configuraci\u00f3n de privacidad durante su interacci\u00f3n con el contenido de YouTube.<\/td>\n<td width=\"60\">Terceros<\/td>\n<td width=\"107\">doxi.co.il<br>nagix-ua.com<\/td>\n<\/tr>\n<tr>\n<td width=\"193\">VISITOR_INFO1_LIVE<\/td>\n<td width=\"70\">5 meses 27 d\u00edas<\/td>\n<td width=\"189\">Establecida por YouTube para medir el ancho de banda y determinar si el usuario recibe la interfaz del reproductor nueva o antigua.<\/td>\n<td width=\"60\">Terceros<\/td>\n<td width=\"107\">doxi.co.il<br>nagix-ua.com<br>sendix.co.il<\/td>\n<\/tr>\n<tr>\n<td width=\"193\">YSC<\/td>\n<td width=\"70\">Sesi\u00f3n<\/td>\n<td width=\"189\">Establecida por YouTube para rastrear las visualizaciones de videos incrustados.<\/td>\n<td width=\"60\">Terceros<\/td>\n<td width=\"107\">doxi.co.il<br>nagix-ua.com<br>sendix.co.il<\/td>\n<\/tr>\n<tr>\n<td width=\"193\">_Secure-ROLLOUT_TOKEN<\/td>\n<td width=\"70\">180 d\u00edas<\/td>\n<td width=\"189\">Establecida por <strong>YouTube<\/strong> para registrar un ID \u00fanico que mantiene estad\u00edsticas de qu\u00e9 videos de YouTube ha visto el usuario.<\/td>\n<td width=\"60\">Terceros<\/td>\n<td width=\"107\">doxi.co.il<\/td>\n<\/tr>\n<\/tbody>\n<\/table>\n\n\u00bfC\u00f3mo puedo ver qu\u00e9 cookies se han guardado en mi dispositivo y c\u00f3mo puedo eliminarlas?\n\nSi deseas saber qu\u00e9 cookies se han guardado en tu dispositivo o si puedes eliminarlas, puedes utilizar una funci\u00f3n de tu navegador. Para desactivar las cookies y limitar la recopilaci\u00f3n y el uso de informaci\u00f3n a trav\u00e9s de ellas, puedes configurar tu navegador para que rechace las cookies o para que te avise cuando se env\u00ede una cookie.\n\nCuando eliges darte de baja (opt-out), se colocar\u00e1 una cookie de exclusi\u00f3n en tu dispositivo. Esta cookie de exclusi\u00f3n es espec\u00edfica para el navegador y el dispositivo, y solo durar\u00e1 hasta que se eliminen las cookies de tu navegador o dispositivo.\n\nEncontrar\u00e1s m\u00e1s informaci\u00f3n sobre c\u00f3mo hacerlo en los siguientes enlaces.\n<table width=\"644\">\n<tbody>\n<tr>\n<td><a href=\"https:\/\/support.mozilla.org\/en-US\/kb\/clear-cookies-and-site-data-firefox\">Firefox<\/a><\/td>\n<td><a href=\"https:\/\/support.google.com\/chrome\/answer\/95647?hl=en\">Chrome<\/a><\/td>\n<td><a href=\"https:\/\/support.apple.com\/en-gb\/guide\/safari\/sfri11471\/mac\">Safari<\/a><\/td>\n<td width=\"145\"><a href=\"https:\/\/support.microsoft.com\/en-gb\/help\/17442\/windows-internet-explorer-delete-manage-cookies\">Internet Explorer<\/a><\/td>\n<\/tr>\n<tr>\n<td><a href=\"https:\/\/support.mozilla.org\/en-US\/kb\/clearing-cookies-private-data-history-and-settings\">Firefox<\/a> (m\u00f3vil)<\/td>\n<td><a href=\"https:\/\/support.google.com\/chrome\/answer\/95647?hl=en\">Chrome<\/a> (m\u00f3vil)<\/td>\n<td><a href=\"https:\/\/support.apple.com\/en-gb\/HT201265\">Safari<\/a> (m\u00f3vil)<\/td>\n<td width=\"145\"><a href=\"https:\/\/support.microsoft.com\/en-gb\/help\/4027947\/microsoft-edge-delete-cookies\">Microsoft Edge<\/a><\/td>\n<\/tr>\n<\/tbody>\n<\/table>\n\nTenga en cuenta que si bloquea las cookies, no podr\u00e1 utilizar todas las funciones de nuestro sitio web.\n\nEnlaces externos\n\nNuestro sitio web incluye enlaces externos para documentar cierta informaci\u00f3n. Estos enlaces est\u00e1n marcados con un s\u00edmbolo espec\u00edfico que indica que el usuario est\u00e1 saliendo de nuestro sitio web. La activaci\u00f3n de estos enlaces es responsabilidad del usuario. Sin embargo, recomendamos consultar la declaraci\u00f3n de privacidad as\u00ed como la pol\u00edtica de cookies del sitio correspondiente.\n\nCont\u00e1ctenos\n\nSi tiene alg\u00fan comentario o pregunta respecto a esta Pol\u00edtica de Cookies, por favor cont\u00e1ctenos en <a href=\"mailto:info@consist.co.il\">info@consist.co.il<\/a>.\n\n<strong><em>Las pr\u00e1cticas descritas en esta pol\u00edtica de cookies est\u00e1n vigentes a partir del<\/em><\/strong> <strong><em>20 de abril de 2025.<\/em><\/strong>\n\n&nbsp;\t\t\t\t\t\t\t\t<\/div>\n\t\t\t\t<\/div>\n\t\t\t\t\t<\/div>\n\t\t\t\t<\/div>\n\t\t\t\t<\/div>\n\t\t","protected":false},"excerpt":{"rendered":"<p>Pol\u00edtica de cookies del Grupo Consist Todos los t\u00e9rminos no definidos aqu\u00ed tendr\u00e1n el significado que se les atribuye en nuestros T\u00e9rminos de Uso o Pol\u00edtica de Privacidad. Sobre nosotros Este sitio web www.consist.co.il, incluyendo sus subdominios relacionados (el \u00abSitio Web\u00bb), es operado por Consist (Israel) Software and Computer Solutions Ltd., Consist Systems Ltd. y [&hellip;]<\/p>\n","protected":false},"author":2,"featured_media":0,"parent":0,"menu_order":0,"comment_status":"closed","ping_status":"closed","template":"elementor_header_footer","meta":{"_eb_attr":"","footnotes":""},"class_list":["post-930","page","type-page","status-publish","hentry"],"yoast_head":"<!-- This site is optimized with the Yoast SEO plugin v24.0 - https:\/\/yoast.com\/wordpress\/plugins\/seo\/ -->\n<title>Pol\u00edtica de cookies - Nagix UA<\/title>\n<meta name=\"robots\" content=\"index, follow, max-snippet:-1, max-image-preview:large, max-video-preview:-1\" \/>\n<link rel=\"canonical\" href=\"https:\/\/nagix-ua.com\/es\/cookie-policy\/\" \/>\n<meta property=\"og:locale\" content=\"es_ES\" \/>\n<meta property=\"og:type\" content=\"article\" \/>\n<meta property=\"og:title\" content=\"Pol\u00edtica de cookies - Nagix UA\" \/>\n<meta property=\"og:description\" content=\"Pol\u00edtica de cookies del Grupo Consist Todos los t\u00e9rminos no definidos aqu\u00ed tendr\u00e1n el significado que se les atribuye en nuestros T\u00e9rminos de Uso o Pol\u00edtica de Privacidad. Sobre nosotros Este sitio web www.consist.co.il, incluyendo sus subdominios relacionados (el \u00abSitio Web\u00bb), es operado por Consist (Israel) Software and Computer Solutions Ltd., Consist Systems Ltd. y [&hellip;]\" \/>\n<meta property=\"og:url\" content=\"https:\/\/nagix-ua.com\/es\/cookie-policy\/\" \/>\n<meta property=\"og:site_name\" content=\"Nagix UA\" \/>\n<meta property=\"article:modified_time\" content=\"2025-06-26T08:39:20+00:00\" \/>\n<meta name=\"twitter:card\" content=\"summary_large_image\" \/>\n<meta name=\"twitter:label1\" content=\"Tiempo de lectura\" \/>\n\t<meta name=\"twitter:data1\" content=\"9 minutos\" \/>\n<script type=\"application\/ld+json\" class=\"yoast-schema-graph\">{\"@context\":\"https:\/\/schema.org\",\"@graph\":[{\"@type\":\"WebPage\",\"@id\":\"https:\/\/nagix-ua.com\/es\/cookie-policy\/\",\"url\":\"https:\/\/nagix-ua.com\/es\/cookie-policy\/\",\"name\":\"Pol\u00edtica de cookies - Nagix UA\",\"isPartOf\":{\"@id\":\"https:\/\/nagix-ua.com\/es\/#website\"},\"datePublished\":\"2025-04-21T10:27:36+00:00\",\"dateModified\":\"2025-06-26T08:39:20+00:00\",\"breadcrumb\":{\"@id\":\"https:\/\/nagix-ua.com\/es\/cookie-policy\/#breadcrumb\"},\"inLanguage\":\"es\",\"potentialAction\":[{\"@type\":\"ReadAction\",\"target\":[\"https:\/\/nagix-ua.com\/es\/cookie-policy\/\"]}]},{\"@type\":\"BreadcrumbList\",\"@id\":\"https:\/\/nagix-ua.com\/es\/cookie-policy\/#breadcrumb\",\"itemListElement\":[{\"@type\":\"ListItem\",\"position\":1,\"name\":\"Home\",\"item\":\"https:\/\/nagix-ua.com\/es\/\"},{\"@type\":\"ListItem\",\"position\":2,\"name\":\"Pol\u00edtica de cookies\"}]},{\"@type\":\"WebSite\",\"@id\":\"https:\/\/nagix-ua.com\/es\/#website\",\"url\":\"https:\/\/nagix-ua.com\/es\/\",\"name\":\"Nagix UA\",\"description\":\"\",\"publisher\":{\"@id\":\"https:\/\/nagix-ua.com\/es\/#organization\"},\"potentialAction\":[{\"@type\":\"SearchAction\",\"target\":{\"@type\":\"EntryPoint\",\"urlTemplate\":\"https:\/\/nagix-ua.com\/es\/?s={search_term_string}\"},\"query-input\":{\"@type\":\"PropertyValueSpecification\",\"valueRequired\":true,\"valueName\":\"search_term_string\"}}],\"inLanguage\":\"es\"},{\"@type\":\"Organization\",\"@id\":\"https:\/\/nagix-ua.com\/es\/#organization\",\"name\":\"Nagix UA\",\"url\":\"https:\/\/nagix-ua.com\/es\/\",\"logo\":{\"@type\":\"ImageObject\",\"inLanguage\":\"es\",\"@id\":\"https:\/\/nagix-ua.com\/es\/#\/schema\/logo\/image\/\",\"url\":\"https:\/\/nagix-ua.com\/wp-content\/uploads\/2024\/11\/NAGIX-Document-Accessibilty-System-Logo-1.png\",\"contentUrl\":\"https:\/\/nagix-ua.com\/wp-content\/uploads\/2024\/11\/NAGIX-Document-Accessibilty-System-Logo-1.png\",\"width\":1198,\"height\":370,\"caption\":\"Nagix UA\"},\"image\":{\"@id\":\"https:\/\/nagix-ua.com\/es\/#\/schema\/logo\/image\/\"}}]}<\/script>\n<!-- \/ Yoast SEO plugin. -->","yoast_head_json":{"title":"Pol\u00edtica de cookies - Nagix UA","robots":{"index":"index","follow":"follow","max-snippet":"max-snippet:-1","max-image-preview":"max-image-preview:large","max-video-preview":"max-video-preview:-1"},"canonical":"https:\/\/nagix-ua.com\/es\/cookie-policy\/","og_locale":"es_ES","og_type":"article","og_title":"Pol\u00edtica de cookies - Nagix UA","og_description":"Pol\u00edtica de cookies del Grupo Consist Todos los t\u00e9rminos no definidos aqu\u00ed tendr\u00e1n el significado que se les atribuye en nuestros T\u00e9rminos de Uso o Pol\u00edtica de Privacidad. Sobre nosotros Este sitio web www.consist.co.il, incluyendo sus subdominios relacionados (el \u00abSitio Web\u00bb), es operado por Consist (Israel) Software and Computer Solutions Ltd., Consist Systems Ltd. y [&hellip;]","og_url":"https:\/\/nagix-ua.com\/es\/cookie-policy\/","og_site_name":"Nagix UA","article_modified_time":"2025-06-26T08:39:20+00:00","twitter_card":"summary_large_image","twitter_misc":{"Tiempo de lectura":"9 minutos"},"schema":{"@context":"https:\/\/schema.org","@graph":[{"@type":"WebPage","@id":"https:\/\/nagix-ua.com\/es\/cookie-policy\/","url":"https:\/\/nagix-ua.com\/es\/cookie-policy\/","name":"Pol\u00edtica de cookies - Nagix UA","isPartOf":{"@id":"https:\/\/nagix-ua.com\/es\/#website"},"datePublished":"2025-04-21T10:27:36+00:00","dateModified":"2025-06-26T08:39:20+00:00","breadcrumb":{"@id":"https:\/\/nagix-ua.com\/es\/cookie-policy\/#breadcrumb"},"inLanguage":"es","potentialAction":[{"@type":"ReadAction","target":["https:\/\/nagix-ua.com\/es\/cookie-policy\/"]}]},{"@type":"BreadcrumbList","@id":"https:\/\/nagix-ua.com\/es\/cookie-policy\/#breadcrumb","itemListElement":[{"@type":"ListItem","position":1,"name":"Home","item":"https:\/\/nagix-ua.com\/es\/"},{"@type":"ListItem","position":2,"name":"Pol\u00edtica de cookies"}]},{"@type":"WebSite","@id":"https:\/\/nagix-ua.com\/es\/#website","url":"https:\/\/nagix-ua.com\/es\/","name":"Nagix UA","description":"","publisher":{"@id":"https:\/\/nagix-ua.com\/es\/#organization"},"potentialAction":[{"@type":"SearchAction","target":{"@type":"EntryPoint","urlTemplate":"https:\/\/nagix-ua.com\/es\/?s={search_term_string}"},"query-input":{"@type":"PropertyValueSpecification","valueRequired":true,"valueName":"search_term_string"}}],"inLanguage":"es"},{"@type":"Organization","@id":"https:\/\/nagix-ua.com\/es\/#organization","name":"Nagix UA","url":"https:\/\/nagix-ua.com\/es\/","logo":{"@type":"ImageObject","inLanguage":"es","@id":"https:\/\/nagix-ua.com\/es\/#\/schema\/logo\/image\/","url":"https:\/\/nagix-ua.com\/wp-content\/uploads\/2024\/11\/NAGIX-Document-Accessibilty-System-Logo-1.png","contentUrl":"https:\/\/nagix-ua.com\/wp-content\/uploads\/2024\/11\/NAGIX-Document-Accessibilty-System-Logo-1.png","width":1198,"height":370,"caption":"Nagix UA"},"image":{"@id":"https:\/\/nagix-ua.com\/es\/#\/schema\/logo\/image\/"}}]}},"_links":{"self":[{"href":"https:\/\/nagix-ua.com\/es\/wp-json\/wp\/v2\/pages\/930","targetHints":{"allow":["GET"]}}],"collection":[{"href":"https:\/\/nagix-ua.com\/es\/wp-json\/wp\/v2\/pages"}],"about":[{"href":"https:\/\/nagix-ua.com\/es\/wp-json\/wp\/v2\/types\/page"}],"author":[{"embeddable":true,"href":"https:\/\/nagix-ua.com\/es\/wp-json\/wp\/v2\/users\/2"}],"replies":[{"embeddable":true,"href":"https:\/\/nagix-ua.com\/es\/wp-json\/wp\/v2\/comments?post=930"}],"version-history":[{"count":7,"href":"https:\/\/nagix-ua.com\/es\/wp-json\/wp\/v2\/pages\/930\/revisions"}],"predecessor-version":[{"id":939,"href":"https:\/\/nagix-ua.com\/es\/wp-json\/wp\/v2\/pages\/930\/revisions\/939"}],"wp:attachment":[{"href":"https:\/\/nagix-ua.com\/es\/wp-json\/wp\/v2\/media?parent=930"}],"curies":[{"name":"wp","href":"https:\/\/api.w.org\/{rel}","templated":true}]}}